{"id":6400,"date":"2022-01-10T14:55:19","date_gmt":"2022-01-10T13:55:19","guid":{"rendered":"https:\/\/beric.it\/condizioni-generali-di-vendita\/"},"modified":"2022-06-17T18:26:17","modified_gmt":"2022-06-17T16:26:17","slug":"condizioni-generali-di-vendita","status":"publish","type":"page","link":"https:\/\/beric.it\/it\/condizioni-generali-di-vendita\/","title":{"rendered":"CONDIZIONI GENERALI DI VENDITA"},"content":{"rendered":"<section class=\"l-section wpb_row height_medium color_alternate\"><div class=\"l-section-h i-cf\"><div class=\"g-cols vc_row via_flex valign_top type_default stacking_default\"><div class=\"vc_col-sm-12 wpb_column vc_column_container\"><div class=\"vc_column-inner\"><div class=\"wpb_wrapper\"><div class=\"wpb_text_column\"><div class=\"wpb_wrapper\"><h2 style=\"text-align: center;\"><span style=\"color: #ffffff;\">CONDIZIONI GENERALI DI VENDITA<\/span><\/h2>\n<\/div><\/div><\/div><\/div><\/div><\/div><\/div><\/section><section class=\"l-section wpb_row height_medium\"><div class=\"l-section-h i-cf\"><div class=\"g-cols vc_row via_flex valign_top type_default stacking_default\"><div class=\"vc_col-sm-12 wpb_column vc_column_container\"><div class=\"vc_column-inner us_custom_432d3f53\"><div class=\"wpb_wrapper\"><div class=\"wpb_text_column us_custom_5409a2be\"><div class=\"wpb_wrapper\"><p style=\"text-align: left;\">BERIC Srls &#8211; Via Violis 12 \u2013 Fabbricadelleidee &#8211; 33085 Maniago (PN) \u2013 Italy &#8211; www.beric.it<\/p>\n<hr>\n<h2 style=\"text-align: left;\">1. OGGETTO DEL CONTRATTO ONLINE E SUA DEFINIZIONE<\/h2>\n<p>Per contratto di compravendita &#8220;on line&#8221; si intende il contratto a distanza e cio\u00e8 il negozio giuridico avente per oggetto beni mobili e\/o servizi stipulato tra un fornitore, BERIC S.rl.s. e un consumatore e\/o cliente nell&#8217;ambito di un sistema di vendita a distanza organizzato dal fornitore che, per tale contratto, impiega esclusivamente la tecnologia di comunicazione a distanza denominata &#8220;internet&#8221;. Tutti i contratti, pertanto, saranno conclusi direttamente attraverso l&#8217;accesso da parte del consumatore e\/o cliente al sito internet corrispondente all&#8217;indirizzo www.beric.it, ove, seguendo le indicate procedure, arriver\u00e0 a concludere il contratto per l&#8217;acquisto del bene. BERIC S.rl.s. potr\u00e0 richiedere discrezionalmente al consumatore e\/o cliente una conferma dell\u2019ordine effettuato. Per consumatore s&#8217;intende qualsiasi persona fisica che, nei contratti di vendita di beni di consumo, agisce per scopi estranei all\u2019attivit\u00e0 imprenditoriale eventualmente svolta. Per i contratti a distanza con i consumatori viene esplicitamente richiamata la normativa prevista dalla sezione II del D.Lgs. n. 206 del 6 settembre 2005.<\/p>\n<p><strong>Conclusione<\/strong><br \/>\nIl contratto si considera concluso nel momento in cui l&#8217;accettazione del cliente giunge all&#8217;indirizzo elettronico di BERIC s.r.l.s., mediante invio dell&#8217;ordine digitale; il cliente ricever\u00e0 tramite e-mail la conferma della conclusione del contratto.<\/p>\n<hr>\n<h2 style=\"text-align: left;\">2. PREZZI DI VENDITA E MODALIT\u00c0 D&#8217;ACQUISTO<\/h2>\n<p>Tutti i prezzi di vendita dei prodotti esposti ed indicati all&#8217;interno del sito internet, per i quali costituiscono offerta al pubblico ai sensi dell&#8217;art. 1336 c.c., sono comprensivi di I.V.A. e di ogni altra imposta, salvo ove diversamente specificato. Per spedizioni internazionali accettiamo pagamenti via Paypal, Carta di credito e bonifico bancario. COD (payment on delivery) non \u00e8 possibile fuori dall&#8217;Italia. Sar\u00e0 a carico del cliente un contributo per spese di spedizione (salvo indicazione di spedizione inclusa nel prezzo dell\u2019articolo), chiaramente visualizzato prima del perfezionamento dell&#8217;ordine, variabile in relazione a peso, dimensioni e destinazione dell&#8217;ordine stesso. I prezzi possono subire delle variazioni in qualsiasi momento, senza che il Fornitore sia tenuto a darne preavviso, in ogni modo, una volta che il cliente ha effettuato l&#8217;ordine del prodotto, lo stesso non subir\u00e0 nessuna variazione di prezzo.<br \/>\nl contratto di acquisto si perfeziona mediante l&#8217;esatta compilazione ed il consenso all&#8217;acquisto manifestato tramite l&#8217;adesione data &#8220;on line&#8221; ovvero terminando la procedura guidata di acquisto che si conclude con un click sul pulsante \u201cInvia Ordine\u201d . Il cliente pu\u00f2 pagare la merce ordinata mediante i servizi di pagamento indicati on line all&#8217;atto dell&#8217;acquisto (vedi metodi di pagamento).<br \/>\nIl Cliente non dovr\u00e0 nulla in pi\u00f9 di quanto evidenziato nel totale dell&#8217;ordine al termine della procedura di acquisto.<br \/>\nAl Cliente verr\u00e0 inviata tramite posta elettronica la conferma dell&#8217;ordine effettuato, riportante i dati dell&#8217;intestatario, l&#8217;indirizzo per la consegna, prezzo e spese di acquisto, eventuali note. Il Cliente \u00e8 tenuto a verificare la correttezza di quanto riportato e di comunicare in modo tempestivo eventuali variazioni.<br \/>\nPer ogni ordine effettuato, BERIC S.rl.s. emette una fattura accompagnatoria della merce spedita, ai sensi dell&#8217; art. 14 D.P.R. 445\/2000. Per l&#8217;emissione della suddetta fattura, fanno fede tutte le informazioni fornite dal Cliente all&#8217;atto dell&#8217;ordine. Nessuna variazione sar\u00e0 possibile dopo l&#8217;emissione della fattura.<\/p>\n<p><strong>2.1 &#8211; Consegna<br \/>\n<\/strong>Le spese di spedizione vengono chiaramente esplicitate all&#8217;atto di effettuazione dell&#8217;ordine, oppure vengono indicate successivamente ma comunque sempre prima del pagamento.<\/p>\n<p>Al momento della consegna della merce da parte del corriere, il Cliente \u00e8 tenuto a controllare che: Il numero dei colli consegnati corrisponda a quanto indicato nel documento di trasporto; L&#8217;imballo risulti integro, non danneggiato, n\u00e9 bagnato o comunque rovinato, anche per quello che concerne i materiali di chiusura ( nastro adesivo o punti metallici). In caso contrario deve essere indicata nel documento di trasporto del corriere la clausola &#8220;ACCETTO CON RISERVA&#8221; specificando a penna la descrizione dell&#8217;anomalia riscontrata (es: imballaggio bagnato, foro nel cartone, ammaccatura sul cartone ecc.) NON accetteremo reclami n\u00e8 sostituizioni della merce.<\/p>\n<p><strong>Problemi della consegna<\/strong><br \/>\nNel caso di mancato ritiro entro 5 giorni lavorativi del materiale presente in giacenza presso i magazzini del corriere a causa di reiterata impossibilit\u00e0 di consegna all&#8217;indirizzo indicato dal Cliente nel momento dell&#8217;ordine, quanto ordinato verr\u00e0 fatto rientrare nel nostro magazzino.<\/p>\n<hr>\n<h2 style=\"text-align: left;\">3. DISPONIBILIT\u00c0 DEI PRODOTTI<\/h2>\n<p>La disponibilit\u00e0 dei prodotti cambia quotidianamente ed \u00e8 chiaramente indicata per ciascun prodotto.<br \/>\nSe il consumatore e\/o cliente non dovesse acconsentire ad attendere il tempo necessario per la consegna (oltre il termine previsto dall\u2019art. 54 del D. Lgs. n. 206\/2005) il contratto si intender\u00e0 risolto e BERIC s.rl.s. provveder\u00e0 allo storno del pagamento.<\/p>\n<hr>\n<h2 style=\"text-align: left;\">4. ESECUZIONE DEL CONTRATTO E MODALIT\u00c0 DI CONSEGNA<\/h2>\n<p>BERIC S.rl.s. provveder\u00e0 a recapitare ai clienti i prodotti selezionati ed ordinati, con le modalit\u00e0 di cui al precedente articolo, mediante corrieri e\/o spedizionieri di fiducia oppure, ad insindacabile giudizio dell&#8217;azienda, direttamente dall&#8217;azienda stessa.<\/p>\n<p><strong>4.1<\/strong> \u2013 I tempi del recapito non supereranno mai quelli previsti dall\u2019art. 54 D.Lgs. 206\/2005 (tale termine sar\u00e0 applicabile anche alle transazioni con non consumatori), salvo diversa indicazione fornita. Per data di consegna si intende valida la data relativa al primo tentativo, da parte del corriere, di recapito della merce all\u2019indirizzo (da intendersi l\u2019ingresso principale dello stabile e non quello di accesso all\u2019abitazione privata), anche se il tentativo non va a buon fine per assenza del destinatario o rifiuto della merce.<br \/>\nNei casi di mancata consegna della merce ordinata e spedita non imputabili a BERIC s.rl.s., la stessa avr\u00e0 il diritto al rimborso delle spese di trasporto. Questa operazione di rimborso potr\u00e0 essere effettuata anche mediante storno parziale del pagamento effettuato con carta di credito.<\/p>\n<hr>\n<h2 style=\"text-align: left;\">5. OBBLIGHI DELL&#8217;ACQUIRENTE<\/h2>\n<p>Il consumatore e\/o cliente si impegna ed obbliga, una volta conclusa la procedura d&#8217;acquisto &#8220;on line&#8221;, a provvedere alla stampa ed alla conservazione delle presenti condizioni generali, che, peraltro, avr\u00e0 gi\u00e0 visionato ed accettato in quanto passaggio obbligato nell&#8217;acquisto, nonch\u00e9 delle specifiche del prodotto oggetto dell&#8217;acquisto, e ci\u00f2 al fine di soddisfare integralmente la condizione di cui agli artt. 4, 5, 52 e 53 del Decr. Legisl. n\u00b0 206\/2005.<\/p>\n<p><strong>5.1<\/strong> 5.1 &#8211; \u00c8 fatto severo divieto all&#8217;acquirente di inserire dati falsi, e\/o di fantasia, nella procedura di registrazione necessaria ad attivare nei suoi confronti l&#8217;iter per l&#8217;esecuzione del presente contratto e le relative ulteriori comunicazioni; i dati anagrafici e la e-mail devono essere esclusivamente i propri reali dati personali e non di terze persone, oppure di fantasia. Il consumatore e\/o cliente autorizza BERIC S.rl.s. e si impegna a fornire, a discrezionale richiesta di quest\u2019ultima, copia dei documenti di identit\u00e0 non scaduti. La mancata ottemperanza alla richiesta di documenti autorizza BERIC S.rl.s. a risolvere il contratto per inadempimento dell\u2019acquirente. \u00c8 espressamente vietato effettuare registrazioni multiple corrispondenti alla stessa persona o inserire dati di terze persone. BERIC S.rl.s. si riserva di perseguire legalmente ogni violazione ed abuso, nell&#8217;interesse e per la tutela dei consumatori tutti.<br \/>\nBERIC S.rl.s. si riserva di approvare l&#8217;ordine solo dopo aver controllato l&#8217;esattezza di tutti i dati in esso contenuti; nel caso di mancata accettazione dell&#8217;ordine, BERIC S.rl.s. dar\u00e0 comunicazione tempestiva al Cliente.<\/p>\n<p><strong>5.2<\/strong> &#8211; Il Cliente solleva BERIC S.rl.s. da ogni responsabilit\u00e0 derivante dall&#8217;emissione di documenti fiscali errati a causa di errori relativi ai dati forniti dal Cliente, essendone il Cliente stesso unico responsabile del corretto inserimento.<\/p>\n<hr>\n<h2 style=\"text-align: left;\">6. RACCOLTA DATI<\/h2>\n<p>Compilando l&#8217;apposito spazio, presente sul sito web di BERIC S.rl.s. o del sistema bancario di pagamento, il consumatore e\/o cliente autorizza BERIC S.rl.s. ad utilizzare la propria carta di credito, o altra carta emessa in sostituzione della stessa, ed a addebitare sul proprio conto corrente in favore di BERIC S.rl.s. l&#8217;importo totale evidenziato quale costo dell&#8217;acquisto effettuato &#8220;on line&#8221;. Tutta la procedura \u00e8 fatta tramite connessione protetta. Qualora il consumatore si dovesse avvalere del diritto di recesso, cos\u00ec come esposto al punto 9 delle presenti condizioni generali, l&#8217;importo da rimborsare sar\u00e0 accreditato alla medesima carta di credito.<\/p>\n<p><strong>6.1<\/strong> &#8211; Compilando la scheda anagrafica nella procedura di registrazione necessaria ad attivare nei suoi confronti l&#8217;iter per l&#8217;esecuzione del presente contratto e le relative ulteriori comunicazioni, il consumatore e\/o cliente autorizza BERICs.rl.s. a comunicare i dati anagrafici non sensibili (residenza, recapito telefonico) ai corrieri e\/o spedizionieri di fiducia utilizzati per la consegna dei beni acquistati in modo da permettere le procedure necessarie al loro recapito.<\/p>\n<hr>\n<h2 style=\"text-align: left;\">7. RESPONSABILIT\u00c0<\/h2>\n<p>Il consumatore e\/o cliente dal momento in cui riceve la merce danneggiata o ne chieda la riconsegna al vettore ha azione diretta ed esclusiva nei confronti del vettore stesso. Quest\u2019ultimo risponde anche per il ritardo nella consegna del bene al destinatario. BERIC s.rl.s., in tali casi, deve considerarsi esente da ogni responsabilit\u00e0 per perdite o avarie (danneggiamento) della merce dal momento in cui la stessa viene consegnata senza riserve al vettore per il trasporto.<br \/>\nIn caso di danneggiamento della confezione o dell&#8217;imballo il Cliente ha l&#8217;onere di apporre riserve in ordine alle cose trasportate al momento della riconsegna a pena di decadenza.<br \/>\nIn caso di perdita parziale o di avaria non riconoscibili al momento della riconsegna, il consumatore e\/o cliente deve denunziare al vettore, a pena di decadenza, il danno appena conosciuto e non oltre otto giorni dal ricevimento a mezzo di lettera raccomandata a.r.(art. 1698 c.c.)<\/p>\n<p>BERIC s.r.l.s. non \u00e8 responsabile dell&#8217;eventuale uso fraudolento ed illecito che possa essere fatto da parte di Terzi, di carte di credito, assegni ed altri mezzi di pagamento, all&#8217;atto dell&#8217;acquisto dei prodotti, non essendo, in nessun momento parte della procedura. Resta inteso che le immagini che corredano la scheda di descrizione di un prodotto, possono non essere perfettamente rappresentative delle sue caratteristiche, ma differire per dimensioni, prodotti accessori, colore, presenti nella figura. Tutte le informazioni di supporto all&#8217;acquisto sono da intendersi come semplice materiale informativo generico, non riferibile alle reali caratteristiche di un singolo prodotto. In assenza di specifiche indicazioni nelle note dell\u2019ordine non potr\u00e0 essere lamentata la mancanza di conformit\u00e0 dell\u2019acquisto.<\/p>\n<hr>\n<h2 style=\"text-align: left;\">8. RESI, GARANZIE E MODALIT\u00c0 DI ASSISTENZA<\/h2>\n<p>A tutti i prodotti venduti vengono applicate le disposizioni previste dal D. Leg. 24\/2002.<\/p>\n<p>BERIC S.rl.s. \u00e8 disposizione del Cliente per aiutarlo a risolvere eventuali problemi. BERIC s.rl.s. declina ogni responsabilit\u00e0 per danni speciali, incidentali, conseguenti o indiretti, salvo i casi di dolo e colpa grave.<\/p>\n<p>Il Consumatore (qualsiasi persona fisica che, nei contratti di vendita di beni di consumo, agisce per scopi estranei all\u2019attivit\u00e0 imprenditoriale eventualmente svolta, e comunque acquista utilizzando il codice fiscale e non la partita iva), nel caso in cui, entro due anni dalla consegna della merce acquistata, si manifestino difetti di conformit\u00e0 rispetto al contratto da considerarsi gi\u00e0 presenti al momento della consegna, ha diritto di rivolgersi alla BERIC S.rl.s. richiedendo la riparazione o la sostituzione del bene.<\/p>\n<p>Il consumatore, ove non accetti il rimedio proposto, pu\u00f2 richiedere, a sua scelta, una congrua riduzione del prezzo o la risoluzione del contratto ove ricorra una delle seguenti condizioni: a) la riparazione o la sostituzione sono impossibili o eccessivamente onerose; b) il venditore non ha provveduto alla riparazione o alla sostituzione del bene entro il termine congruo; c) la sostituzione o la riparazione precedentemente effettuata ha recato notevoli inconvenienti al consumatore.<\/p>\n<p>E\u2019 onere del consumatore provare che si tratti di un difetto di conformit\u00e0 esistente al momento della conclusione del contratto,<\/p>\n<p>a meno ch\u00e9 lo stesso non si manifesti entro sei mesi dalla consegna. (art. 1519-sexies c.c.). a meno ch\u00e9 lo stesso non si manifesti entro sei mesi dalla consegna. (art. 1519-sexies c.c.).<\/p>\n<p>La denunzia del vizio deve essere fatta entro due mesi dalla scoperta, a pena di decadenza.<\/p>\n<p>BERIC s.rl.s., previa imprescindibile comunicazione del codice di rientro, potr\u00e0 autorizzare il rientro del prodotto per la verifica da effettuarsi nel relativo centro assistenza utilizzato dal venditore. Le spese di rientro saranno anticipate dal consumatore.<\/p>\n<p>I rischi relativi al trasporto della merce sono a carico del mittente che potr\u00e0 liberamente scegliere se assicurare la spedizione senza alcun obbligo di rimborso a carico del venditore. Non saranno accettate le spedizioni inviate in \u201cporto assegnato\u201d se non preventivamente concordate con il venditore. Nel caso in cui venga riscontrato il vizio lamentato la BERIC s.rl.s. provveder\u00e0 ad eseguire, in un congruo termine, il rimedio concordato. La BERIC s.rl.s. si riserva la facolt\u00e0 di addebitare al cliente le eventuali spese sostenute per la verifica del prodotto e per la rispedizione dello stesso, qualora esso risultasse integro e funzionante ovvero privo del difetto di conformit\u00e0 lamentato e riferibile alla data della consegna, differentemente da quanto dichiarato dal cliente.<\/p>\n<p>BERIC S.rl.s. I Clienti \u201cnon consumatori\u201d (cio\u00e8 che acquistano con partita iva) per eventuali sostituzioni o riparazioni potranno rivolgersi direttamente al centro di assistenza di BERIC S.rl.s.<\/p>\n<p>In ogni caso di richiesta di risoluzione contrattuale o riduzione del prezzo ex art.1492 c.c. la stessa dovr\u00e0 essere preceduta dall&#8217;invio di idonea certificazione del centro assistenza sulla esistenza e natura del vizio lamentato atta a certificare che il vizio non sia dovuto al cattivo uso del bene. Solo dopo la ricezione di detta certificazione si proceder\u00e0 alla evasione della richiesta. Per la risoluzione di eventuali controversie \u00e8 anche disponibile il servizio UE di Risoluzione Online delle Controversie:<\/p>\n<p>https:\/\/ec.europa.eu\/consumers\/odr\/main\/<\/p>\n<\/div><\/div><\/div><\/div><\/div><div class=\"vc_col-sm-12 wpb_column vc_column_container\"><div class=\"vc_column-inner\"><div class=\"wpb_wrapper\"><\/div><\/div><\/div><\/div><\/div><\/section>\n","protected":false},"excerpt":{"rendered":"CONDIZIONI GENERALI DI VENDITA BERIC Srls &#8211; Via Violis 12 \u2013 Fabbricadelleidee &#8211; 33085 Maniago (PN) \u2013 Italy &#8211; www.beric.it 1. OGGETTO DEL CONTRATTO ONLINE E SUA DEFINIZIONE Per contratto di compravendita &#8220;on line&#8221; si intende il contratto a distanza e cio\u00e8 il negozio giuridico avente per oggetto beni mobili e\/o servizi stipulato tra un...","protected":false},"author":1,"featured_media":0,"parent":0,"menu_order":0,"comment_status":"closed","ping_status":"closed","template":"","meta":{"_acf_changed":false,"footnotes":""},"class_list":["post-6400","page","type-page","status-publish","hentry"],"acf":[],"yoast_head":"<!-- This site is optimized with the Yoast SEO plugin v26.8 - https:\/\/yoast.com\/product\/yoast-seo-wordpress\/ -->\n<title>CONDIZIONI GENERALI DI VENDITA | Beric Knives<\/title>\n<meta name=\"description\" content=\"Beric knives - CONDIZIONI GENERALI DI VENDITA\" \/>\n<meta name=\"robots\" content=\"index, follow, max-snippet:-1, max-image-preview:large, max-video-preview:-1\" \/>\n<link rel=\"canonical\" href=\"https:\/\/beric.it\/it\/condizioni-generali-di-vendita\/\" \/>\n<meta property=\"og:locale\" content=\"it_IT\" \/>\n<meta property=\"og:type\" content=\"article\" \/>\n<meta property=\"og:title\" content=\"CONDIZIONI GENERALI DI VENDITA | Beric Knives\" \/>\n<meta property=\"og:description\" content=\"Beric knives - CONDIZIONI GENERALI DI VENDITA\" \/>\n<meta property=\"og:url\" content=\"https:\/\/beric.it\/it\/condizioni-generali-di-vendita\/\" \/>\n<meta property=\"og:site_name\" content=\"Beric Knives\" \/>\n<meta property=\"article:publisher\" content=\"https:\/\/www.facebook.com\/beric.it\" \/>\n<meta property=\"article:modified_time\" content=\"2022-06-17T16:26:17+00:00\" \/>\n<meta name=\"twitter:card\" content=\"summary_large_image\" \/>\n<meta name=\"twitter:site\" content=\"@BericKnives\" \/>\n<meta name=\"twitter:label1\" content=\"Tempo di lettura stimato\" \/>\n\t<meta name=\"twitter:data1\" content=\"11 minuti\" \/>\n<script type=\"application\/ld+json\" class=\"yoast-schema-graph\">{\"@context\":\"https:\/\/schema.org\",\"@graph\":[{\"@type\":\"WebPage\",\"@id\":\"https:\/\/beric.it\/it\/condizioni-generali-di-vendita\/\",\"url\":\"https:\/\/beric.it\/it\/condizioni-generali-di-vendita\/\",\"name\":\"CONDIZIONI GENERALI DI VENDITA | Beric Knives\",\"isPartOf\":{\"@id\":\"https:\/\/beric.it\/#website\"},\"datePublished\":\"2022-01-10T13:55:19+00:00\",\"dateModified\":\"2022-06-17T16:26:17+00:00\",\"description\":\"Beric knives - CONDIZIONI GENERALI DI VENDITA\",\"breadcrumb\":{\"@id\":\"https:\/\/beric.it\/it\/condizioni-generali-di-vendita\/#breadcrumb\"},\"inLanguage\":\"it-IT\",\"potentialAction\":[{\"@type\":\"ReadAction\",\"target\":[\"https:\/\/beric.it\/it\/condizioni-generali-di-vendita\/\"]}]},{\"@type\":\"BreadcrumbList\",\"@id\":\"https:\/\/beric.it\/it\/condizioni-generali-di-vendita\/#breadcrumb\",\"itemListElement\":[{\"@type\":\"ListItem\",\"position\":1,\"name\":\"Home\",\"item\":\"https:\/\/beric.it\/it\/\"},{\"@type\":\"ListItem\",\"position\":2,\"name\":\"CONDIZIONI GENERALI DI VENDITA\"}]},{\"@type\":\"WebSite\",\"@id\":\"https:\/\/beric.it\/#website\",\"url\":\"https:\/\/beric.it\/\",\"name\":\"Beric Knives\",\"description\":\"Beric Knives - Sharp soul\",\"publisher\":{\"@id\":\"https:\/\/beric.it\/#organization\"},\"potentialAction\":[{\"@type\":\"SearchAction\",\"target\":{\"@type\":\"EntryPoint\",\"urlTemplate\":\"https:\/\/beric.it\/?s={search_term_string}\"},\"query-input\":{\"@type\":\"PropertyValueSpecification\",\"valueRequired\":true,\"valueName\":\"search_term_string\"}}],\"inLanguage\":\"it-IT\"},{\"@type\":\"Organization\",\"@id\":\"https:\/\/beric.it\/#organization\",\"name\":\"Beric s.r.l.s\",\"url\":\"https:\/\/beric.it\/\",\"logo\":{\"@type\":\"ImageObject\",\"inLanguage\":\"it-IT\",\"@id\":\"https:\/\/beric.it\/#\/schema\/logo\/image\/\",\"url\":\"https:\/\/beric.it\/wp-content\/uploads\/2021\/05\/beric-logo-1.png\",\"contentUrl\":\"https:\/\/beric.it\/wp-content\/uploads\/2021\/05\/beric-logo-1.png\",\"width\":800,\"height\":913,\"caption\":\"Beric s.r.l.s\"},\"image\":{\"@id\":\"https:\/\/beric.it\/#\/schema\/logo\/image\/\"},\"sameAs\":[\"https:\/\/www.facebook.com\/beric.it\",\"https:\/\/x.com\/BericKnives\",\"https:\/\/www.instagram.com\/bericknives\",\"https:\/\/www.pinterest.it\/bericdesign\",\"https:\/\/www.youtube.com\/channel\/UCDZ4YUfIP_LY_0MGwhRAWTQ\"]}]}<\/script>\n<!-- \/ Yoast SEO plugin. -->","yoast_head_json":{"title":"CONDIZIONI GENERALI DI VENDITA | Beric Knives","description":"Beric knives - CONDIZIONI GENERALI DI VENDITA","robots":{"index":"index","follow":"follow","max-snippet":"max-snippet:-1","max-image-preview":"max-image-preview:large","max-video-preview":"max-video-preview:-1"},"canonical":"https:\/\/beric.it\/it\/condizioni-generali-di-vendita\/","og_locale":"it_IT","og_type":"article","og_title":"CONDIZIONI GENERALI DI VENDITA | Beric Knives","og_description":"Beric knives - CONDIZIONI GENERALI DI VENDITA","og_url":"https:\/\/beric.it\/it\/condizioni-generali-di-vendita\/","og_site_name":"Beric Knives","article_publisher":"https:\/\/www.facebook.com\/beric.it","article_modified_time":"2022-06-17T16:26:17+00:00","twitter_card":"summary_large_image","twitter_site":"@BericKnives","twitter_misc":{"Tempo di lettura stimato":"11 minuti"},"schema":{"@context":"https:\/\/schema.org","@graph":[{"@type":"WebPage","@id":"https:\/\/beric.it\/it\/condizioni-generali-di-vendita\/","url":"https:\/\/beric.it\/it\/condizioni-generali-di-vendita\/","name":"CONDIZIONI GENERALI DI VENDITA | Beric Knives","isPartOf":{"@id":"https:\/\/beric.it\/#website"},"datePublished":"2022-01-10T13:55:19+00:00","dateModified":"2022-06-17T16:26:17+00:00","description":"Beric knives - CONDIZIONI GENERALI DI VENDITA","breadcrumb":{"@id":"https:\/\/beric.it\/it\/condizioni-generali-di-vendita\/#breadcrumb"},"inLanguage":"it-IT","potentialAction":[{"@type":"ReadAction","target":["https:\/\/beric.it\/it\/condizioni-generali-di-vendita\/"]}]},{"@type":"BreadcrumbList","@id":"https:\/\/beric.it\/it\/condizioni-generali-di-vendita\/#breadcrumb","itemListElement":[{"@type":"ListItem","position":1,"name":"Home","item":"https:\/\/beric.it\/it\/"},{"@type":"ListItem","position":2,"name":"CONDIZIONI GENERALI DI VENDITA"}]},{"@type":"WebSite","@id":"https:\/\/beric.it\/#website","url":"https:\/\/beric.it\/","name":"Beric Knives","description":"Beric Knives - Sharp soul","publisher":{"@id":"https:\/\/beric.it\/#organization"},"potentialAction":[{"@type":"SearchAction","target":{"@type":"EntryPoint","urlTemplate":"https:\/\/beric.it\/?s={search_term_string}"},"query-input":{"@type":"PropertyValueSpecification","valueRequired":true,"valueName":"search_term_string"}}],"inLanguage":"it-IT"},{"@type":"Organization","@id":"https:\/\/beric.it\/#organization","name":"Beric s.r.l.s","url":"https:\/\/beric.it\/","logo":{"@type":"ImageObject","inLanguage":"it-IT","@id":"https:\/\/beric.it\/#\/schema\/logo\/image\/","url":"https:\/\/beric.it\/wp-content\/uploads\/2021\/05\/beric-logo-1.png","contentUrl":"https:\/\/beric.it\/wp-content\/uploads\/2021\/05\/beric-logo-1.png","width":800,"height":913,"caption":"Beric s.r.l.s"},"image":{"@id":"https:\/\/beric.it\/#\/schema\/logo\/image\/"},"sameAs":["https:\/\/www.facebook.com\/beric.it","https:\/\/x.com\/BericKnives","https:\/\/www.instagram.com\/bericknives","https:\/\/www.pinterest.it\/bericdesign","https:\/\/www.youtube.com\/channel\/UCDZ4YUfIP_LY_0MGwhRAWTQ"]}]}},"jetpack_sharing_enabled":true,"_links":{"self":[{"href":"https:\/\/beric.it\/it\/wp-json\/wp\/v2\/pages\/6400","targetHints":{"allow":["GET"]}}],"collection":[{"href":"https:\/\/beric.it\/it\/wp-json\/wp\/v2\/pages"}],"about":[{"href":"https:\/\/beric.it\/it\/wp-json\/wp\/v2\/types\/page"}],"author":[{"embeddable":true,"href":"https:\/\/beric.it\/it\/wp-json\/wp\/v2\/users\/1"}],"replies":[{"embeddable":true,"href":"https:\/\/beric.it\/it\/wp-json\/wp\/v2\/comments?post=6400"}],"version-history":[{"count":4,"href":"https:\/\/beric.it\/it\/wp-json\/wp\/v2\/pages\/6400\/revisions"}],"predecessor-version":[{"id":7497,"href":"https:\/\/beric.it\/it\/wp-json\/wp\/v2\/pages\/6400\/revisions\/7497"}],"wp:attachment":[{"href":"https:\/\/beric.it\/it\/wp-json\/wp\/v2\/media?parent=6400"}],"curies":[{"name":"wp","href":"https:\/\/api.w.org\/{rel}","templated":true}]}}