{"id":6394,"date":"2021-12-29T15:44:21","date_gmt":"2021-12-29T14:44:21","guid":{"rendered":"https:\/\/beric.it\/privacy-policy\/"},"modified":"2021-12-29T15:44:21","modified_gmt":"2021-12-29T14:44:21","slug":"privacy-policy","status":"publish","type":"page","link":"https:\/\/beric.it\/it\/privacy-policy\/","title":{"rendered":"Privacy policy"},"content":{"rendered":"<section class=\"l-section wpb_row height_medium color_alternate\"><div class=\"l-section-h i-cf\"><div class=\"g-cols vc_row via_flex valign_top type_default stacking_default\"><div class=\"vc_col-sm-12 wpb_column vc_column_container\"><div class=\"vc_column-inner\"><div class=\"wpb_wrapper\"><div class=\"wpb_text_column\"><div class=\"wpb_wrapper\"><h2 style=\"text-align: center;\"><span style=\"color: #ffffff;\">PRIVACY POLICY<\/span><\/h2>\n<\/div><\/div><\/div><\/div><\/div><\/div><\/div><\/section><section class=\"l-section wpb_row height_medium\"><div class=\"l-section-h i-cf\"><div class=\"g-cols vc_row via_flex valign_top type_default stacking_default\"><div class=\"vc_col-sm-12 wpb_column vc_column_container\"><div class=\"vc_column-inner us_custom_432d3f53\"><div class=\"wpb_wrapper\"><div class=\"wpb_text_column us_custom_7160b960\"><div class=\"wpb_wrapper\"><p><strong>Informativa ai sensi dell&#8217;art.13 del decreto legislativo n. 196\/2003 (&#8220;Codice Privacy&#8221;) e dell&#8217;art. 13 Regolamento UE n. 2016\/679 (&#8220;GDPR&#8221;)<\/strong><br \/>\nQuesta informativa si riferisce al presente Sito ed \u00e8 destinata a tutti i soggetti che vi accedono: sia a coloro che utilizzino il Sito senza effettuare alcuna registrazione, sia a coloro che, a seguito della procedura di registrazione, usufruiscano di eventuali servizi dedicati agli utenti registrati, commercio elettronico, &#8230;<br \/>\nIn questa informativasi escludono altri siti Internet a cui l&#8217;utente pu\u00f2 accedere tramite link\/collegamenti ipertestuali, per i quali si applicheranno le rispettive policy per privacy e cookie.<\/p>\n<hr>\n<h2 style=\"text-align: left;\">Denominazioni<\/h2>\n<p>Web site: https:\/\/www.beric.it<br \/>\nUtente: chi accede al sito, interessato al conferimento dei dati<br \/>\nTitolare: Titolare del trattamento, come specificato di seguito.<\/p>\n<hr>\n<h2 style=\"text-align: left;\">Titolare del trattamento<\/h2>\n<p>Titolare del trattamento \u00e8:<br \/>\nBERIC Srls \u2013 Fabbricadelleidee &#8211; Via Violis 12 &#8211; 33085 Maniago (PN) &#8211; Italy<br \/>\nP.IVA 01907370934 &#8211; Numero REA PN &#8211; 361356<br \/>\n+39 328 9224113 &#8211; info@beric.it<\/p>\n<hr>\n<h2 style=\"text-align: left;\">Finalit\u00e0 del trattamento<\/h2>\n<p>I dati personali sono trattati senza il suo consenso espresso (art. 24 lett. a), b), Codice Privacy e art. 6 lett. b), e) GDPR), per le seguenti Finalit\u00e0 di Servizio: &#8211; concludere i contratti per i servizi del Titolare; &#8211; adempiere agli obblighi previsti dalla legge, da un regolamento, dalla normativa comunitaria o da un ordine dell&#8217;Autorit\u00e0 (come ad esempio in materia di antiriciclaggio); &#8211; esercitare i diritti del Titolare, ad esempio il diritto di difesa in giudizio.<br \/>\nI dati personali possonoe essere trattati per l&#8217;invio di email con informazioni commerciali solo a fronte di esplicito consenso, e comunque mai ceduti a terzi per tali finaluit\u00e0.<\/p>\n<hr>\n<h2 style=\"text-align: left;\">Dati trattati<\/h2>\n<p><strong>Dati impliciti di navigazione<\/strong><br \/>\nBench\u00e9 sia possibile visualizzare il sito web senza conferire alcun dato personale, i software e server che rendono possibile il funzionamento del Sito acquisiscono alcuni dati personali la cui trasmissione \u00e8 implicita nell&#8217;uso dei protocolli di comunicazione di Internet. Tali informazioni non sono raccolte per scopi di identificazione o associazione a specifiche persone; nonostante ci\u00f2, per la loro natura e composizione potrebbero permettere l&#8217;identificazione dell&#8217;utente in determinati casi.<br \/>\nIn questa categoria rientrano gli indirizzi IP dei computer utilizzati dagli utenti che si connettono al Sito, l&#8217;indirizzo (URL) delle risorse richieste, data ed ora della richiesta, dati sulla risposta, &#8230;<br \/>\nLo scopo della raccolta di questi dati \u00e8 il poter ricavare informazioni statistiche anonime sull&#8217;uso del Sito (quale, in particolare, il numero di accessi) e per controllarne il corretto funzionamento. Vengono cancellati immediatamente dopo la elaborazione.<br \/>\nIn questo processo non \u00e8 previsto il trattamento di informazioni direttamente identificative.<br \/>\nInclusioni di codice di terze parti in questo sito possono raccogliere altri dati sull&#8217;utente, In particolare questo pu\u00f2 venire fatto da servizi di monitoraggio e statistiche sulle visite (quali Google Analytics e Google Adwords) e plugin di social network (Facebook, Twitter, Google+, Pinterest, &#8230;).<br \/>\n<strong><br \/>\nDati esplicitamente forniti dall&#8217;utente<\/strong><br \/>\nL&#8217;utente pu\u00f2 fornire dati esplicitamente per l&#8217;accesso a determinate funzionalit\u00e0 del sito, quali area riservata, modulo contatti e commercio elettronico. Questi dati (quali ad esempio indirizzo di spedizione) sono comunicati con l&#8217;esclusivo scopo di permettere al Titolare la fornitura dei servizi richiesti.<br \/>\nIl Sito pu\u00f2 consentire l&#8217;iscrizione alla newsletter (mailing list). L&#8217;indirizzo e-mail fornito volontariamente dall&#8217;utente verr\u00e0 utilizzato per fornire comunicazioni da parte del Titolare. In ogni momento l&#8217;iscrizione potr\u00e0 venire annullata.<\/p>\n<hr>\n<h2 style=\"text-align: left;\">Cookie<\/h2>\n<p>I cookie sono piccoli frammenti di testo che un sito web invia al client (software di navigazione dell&#8217;utente). Il client memorizza localmente l&#8217;informazione e la ritrasmette al server (Sito) ad un successivo accesso, sia esso immediato o riferito ad una visita futura.<br \/>\nUn cookie contiene alcuni dati di servizio (data ed ora, durata, sito da cui proviene) ed un contenuto testuale che solitamente \u00e8 un codice numerico. Questo codice serve per rendere l&#8217;esperienza utente pi\u00f9 comoda permettendo, ad esempio, al Sito di ricordarsi preferenze di visualizzazione, contenuti del carrello in caso di e-commerce, &#8230;<br \/>\nn nessun caso, saranno utilizzati con la finalit\u00e0 di tracciare comportamenti specifici dell&#8217;utente.<br \/>\nIl Sito utilizza sia cookie temporanei (di sessione, che durano solo il tempo di una visita) che permanenti (durano l&#8217;accordo di tempo di pi\u00f9 visite).<\/p>\n<p style=\"text-align: left;\"><strong>Cookie di terze parti<\/strong><br \/>\nInclusioni di codice di terze parti in questo sito possono inviare altri cookie all&#8217;utente, In particolare questo pu\u00f2 venire fatto da servizi di statistiche sulle visite (quali Google Analytics e Google Adwords) e plugin di social network (Facebook, Twitter, Google+, Pinterest, &#8230;).<br \/>\nPer quanto riguarda la privacy legata a questi servizi si rimanda alle policy dei rispettivi fornitori.<br \/>\n<strong><br \/>\nInformazioni raccolte con i cookie<\/strong><br \/>\nUtilizziamo cookie sia di sessione che permanenti per:<br \/>\n\u2022 consentire al Sito di ricordare all&#8217;utente dati quali preferenze di navigazione e dati di login, in modo da non dover re-inserire tutte le sue informazioni quando passa da una pagina all&#8217;altra.<br \/>\n\u2022 statistiche (anonime) volte al miglioramento del sito.<br \/>\nIn nessun caso i cookie vengono utilizzati per una specifica profilazione dell&#8217;utente.<br \/>\nUlteriori informazioni sui cookie e sui diritti dell&#8217;utente sono disponibili qui: http:\/\/www.youronlinechoices.com\/.<\/p>\n<hr>\n<h2 style=\"text-align: left;\">Natura facoltativa del conferimento dei dati<\/h2>\n<p>Escludendo i dati impliciti di navigazione, l&#8217;utente decide liberamente di fornire i dati personali per newsletter, registrazione, e-commerce, contatti ed altri servizi. Il mancato conferimento pu\u00f2 comportare l&#8217;impossibilit\u00e0 di usufruire di tali servizi.<br \/>\n<strong><br \/>\nConferimento facoltativo dei cookie e cancellazione di essi.<\/strong><br \/>\nL&#8217;accettazione dei cookie \u00e8 facoltativa da parte dell&#8217;utente, che pu\u00f2 configurare il suo client (browser) per rifiutarli. In questo caso potrebbe non essere tuttavia possibile usufruire di tutti i servizi del sito, o potrebbero verificarsi difetti nella fruizione.<br \/>\nL&#8217;utente pu\u00f2 facilmente cancellare ogni cookie ricevuto seguendo le procedure previste dal browser utilizzato.<\/p>\n<hr>\n<h2 style=\"text-align: left;\">Modalit\u00e0 del trattamento<strong><br \/>\n<\/strong><\/h2>\n<p>Personal data are processed by automated tools for the time necessary to achieve the purposes for which they were collected. I dati personali sono trattati con strumenti automatizzati per il tempo strettamente necessario a conseguire gli scopi per cui sono stati raccolti.<br \/>\nSpecifiche misure di sicurezza sono osservate per prevenire la perdita dei dati, usi illeciti o non corretti ed accessi non autorizzati.<br \/>\nI dati personali forniti dall&#8217;utente non saranno oggetto di comunicazione a terzi o di diffusione. I dati personali dell&#8217;utente saranno conservati per il solo tempo necessario a garantire la corretta prestazione dei servizi richiesti, fatti salvi eventuali specifici obblighi di legge sulla conservazione di documentazione contabile o per finalit\u00e0 di pubblica sicurezza.<br \/>\nAlcuni dati possono venire conservati per un tempo indefinito al fine di fornire specifici servizi all&#8217;utente. Ad esempio per funzionalit\u00e0 di e-commerce i dati di spedizione possono venire ricordati al fine di evitare che l&#8217;utente debba inserirli per ogni nuovo ordini.<br \/>\nI dati sono conservati presso datacenter negli Stati Uniti d&#8217;America (titolari dei data center: pair Networks, Linode, Digital Ocean, Amazon) e\/o nell&#8217;Unione Europea (titolari dei data center: Linode, Amazon)<\/p>\n<hr>\n<h2 style=\"text-align: left;\">Diritti dell&#8217;utente (soggetto interessato al trattamento)<\/h2>\n<p>Nella Sua qualit\u00e0 di interessato, ha il diritto di cui all&#8217;art. 15 GDPR e precisamente i diritti di: i. ottenere la conferma dell&#8217;esistenza o meno di dati personali che La riguardano, anche se non ancora registrati, e la loro comunicazione in forma intelligibile; ii. ottenere l&#8217;indicazione: a) dell&#8217;origine dei dati personali; b) delle finalit\u00e0 e modalit\u00e0 del trattamento; c) della logica applicata in caso di trattamento effettuato con l&#8217;ausilio di strumenti elettronici; d) degli estremi identificativi del titolare, dei responsabili e del rappresentante designato ai sensi dell&#8217;art. 5, comma 2 Codice Privacy e art. 3, comma 1, GDPR; e) dei soggetti o delle categorie di soggetti ai quali i dati personali possono essere comunicati o che possono venirne a conoscenza in qualit\u00e0 di rappresentante designato nel territorio dello Stato, di responsabili o incaricati; iii. ottenere: a) l&#8217;aggiornamento, la rettifica ovvero l&#8217;integrazione dei dati; b) la cancellazione, la trasformazione in forma anonima o il blocco dei dati trattati in violazione di legge, compresi quelli di cui non \u00e8 necessaria la conservazione in relazione agli scopi per i quali i dati sono stati raccolti o successivamente trattati; c) l&#8217;attestazione che le operazioni di cui alle lettere a) e b) sono state portate a conoscenza, anche per quanto riguarda il loro contenuto, di coloro ai quali i dati sono stati comunicati o diffusi, eccettuato il caso in cui tale adempimento si rivela impossibile o comporta un impiego di mezzi manifestamente sproporzionato rispetto al diritto tutelato; iv. opporsi, in tutto o in parte per motivi legittimi al trattamento dei dati personali che La riguardano, ancorch\u00e9 pertinenti allo scopo della raccolta. Ove applicabili, Lei ha altres\u00ec i diritti di cui agli artt. 16-21 GDPR (Diritto di rettifica, diritto all&#8217;oblio, diritto di limitazione di trattamento, diritto alla portabilit\u00e0 dei dati, diritto di opposizione), nonch\u00e9 il diritto di reclamo all&#8217;Autorit\u00e0 Garante.<\/p>\n<hr>\n<h2 style=\"text-align: left;\">Contatti<\/h2>\n<p>Per l&#8217;esercizio dei diritti come da Codice Privacy e GDPR, l&#8217;utente pu\u00f2 contattare il Titolare dei dati, secondo le informazioni di contatto riportate in testa a questo documento.<\/p>\n<p>Versione documento: 2.1-IT<\/p>\n<\/div><\/div><\/div><\/div><\/div><\/div><\/div><\/section>\n","protected":false},"excerpt":{"rendered":"PRIVACY POLICY Informativa ai sensi dell&#8217;art.13 del decreto legislativo n. 196\/2003 (&#8220;Codice Privacy&#8221;) e dell&#8217;art. 13 Regolamento UE n. 2016\/679 (&#8220;GDPR&#8221;) Questa informativa si riferisce al presente Sito ed \u00e8 destinata a tutti i soggetti che vi accedono: sia a coloro che utilizzino il Sito senza effettuare alcuna registrazione, sia a coloro che, a seguito...","protected":false},"author":2,"featured_media":0,"parent":0,"menu_order":0,"comment_status":"closed","ping_status":"closed","template":"","meta":{"_acf_changed":false,"footnotes":""},"class_list":["post-6394","page","type-page","status-publish","hentry"],"acf":[],"yoast_head":"<!-- This site is optimized with the Yoast SEO plugin v26.8 - https:\/\/yoast.com\/product\/yoast-seo-wordpress\/ -->\n<title>Privacy policy | Beric Knives<\/title>\n<meta name=\"description\" content=\"Beric Privacy-policy\" \/>\n<meta name=\"robots\" content=\"index, follow, max-snippet:-1, max-image-preview:large, max-video-preview:-1\" \/>\n<link rel=\"canonical\" href=\"https:\/\/beric.it\/it\/privacy-policy\/\" \/>\n<meta property=\"og:locale\" content=\"it_IT\" \/>\n<meta property=\"og:type\" content=\"article\" \/>\n<meta property=\"og:title\" content=\"Privacy policy | Beric Knives\" \/>\n<meta property=\"og:description\" content=\"Beric Privacy-policy\" \/>\n<meta property=\"og:url\" content=\"https:\/\/beric.it\/it\/privacy-policy\/\" \/>\n<meta property=\"og:site_name\" content=\"Beric Knives\" \/>\n<meta property=\"article:publisher\" content=\"https:\/\/www.facebook.com\/beric.it\" \/>\n<meta name=\"twitter:card\" content=\"summary_large_image\" \/>\n<meta name=\"twitter:site\" content=\"@BericKnives\" \/>\n<meta name=\"twitter:label1\" content=\"Tempo di lettura stimato\" \/>\n\t<meta name=\"twitter:data1\" content=\"7 minuti\" \/>\n<script type=\"application\/ld+json\" class=\"yoast-schema-graph\">{\"@context\":\"https:\/\/schema.org\",\"@graph\":[{\"@type\":\"WebPage\",\"@id\":\"https:\/\/beric.it\/it\/privacy-policy\/\",\"url\":\"https:\/\/beric.it\/it\/privacy-policy\/\",\"name\":\"Privacy policy | Beric Knives\",\"isPartOf\":{\"@id\":\"https:\/\/beric.it\/#website\"},\"datePublished\":\"2021-12-29T14:44:21+00:00\",\"description\":\"Beric Privacy-policy\",\"breadcrumb\":{\"@id\":\"https:\/\/beric.it\/it\/privacy-policy\/#breadcrumb\"},\"inLanguage\":\"it-IT\",\"potentialAction\":[{\"@type\":\"ReadAction\",\"target\":[\"https:\/\/beric.it\/it\/privacy-policy\/\"]}]},{\"@type\":\"BreadcrumbList\",\"@id\":\"https:\/\/beric.it\/it\/privacy-policy\/#breadcrumb\",\"itemListElement\":[{\"@type\":\"ListItem\",\"position\":1,\"name\":\"Home\",\"item\":\"https:\/\/beric.it\/it\/\"},{\"@type\":\"ListItem\",\"position\":2,\"name\":\"Privacy policy\"}]},{\"@type\":\"WebSite\",\"@id\":\"https:\/\/beric.it\/#website\",\"url\":\"https:\/\/beric.it\/\",\"name\":\"Beric Knives\",\"description\":\"Beric Knives - Sharp soul\",\"publisher\":{\"@id\":\"https:\/\/beric.it\/#organization\"},\"potentialAction\":[{\"@type\":\"SearchAction\",\"target\":{\"@type\":\"EntryPoint\",\"urlTemplate\":\"https:\/\/beric.it\/?s={search_term_string}\"},\"query-input\":{\"@type\":\"PropertyValueSpecification\",\"valueRequired\":true,\"valueName\":\"search_term_string\"}}],\"inLanguage\":\"it-IT\"},{\"@type\":\"Organization\",\"@id\":\"https:\/\/beric.it\/#organization\",\"name\":\"Beric s.r.l.s\",\"url\":\"https:\/\/beric.it\/\",\"logo\":{\"@type\":\"ImageObject\",\"inLanguage\":\"it-IT\",\"@id\":\"https:\/\/beric.it\/#\/schema\/logo\/image\/\",\"url\":\"https:\/\/beric.it\/wp-content\/uploads\/2021\/05\/beric-logo-1.png\",\"contentUrl\":\"https:\/\/beric.it\/wp-content\/uploads\/2021\/05\/beric-logo-1.png\",\"width\":800,\"height\":913,\"caption\":\"Beric s.r.l.s\"},\"image\":{\"@id\":\"https:\/\/beric.it\/#\/schema\/logo\/image\/\"},\"sameAs\":[\"https:\/\/www.facebook.com\/beric.it\",\"https:\/\/x.com\/BericKnives\",\"https:\/\/www.instagram.com\/bericknives\",\"https:\/\/www.pinterest.it\/bericdesign\",\"https:\/\/www.youtube.com\/channel\/UCDZ4YUfIP_LY_0MGwhRAWTQ\"]}]}<\/script>\n<!-- \/ Yoast SEO plugin. -->","yoast_head_json":{"title":"Privacy policy | Beric Knives","description":"Beric Privacy-policy","robots":{"index":"index","follow":"follow","max-snippet":"max-snippet:-1","max-image-preview":"max-image-preview:large","max-video-preview":"max-video-preview:-1"},"canonical":"https:\/\/beric.it\/it\/privacy-policy\/","og_locale":"it_IT","og_type":"article","og_title":"Privacy policy | Beric Knives","og_description":"Beric Privacy-policy","og_url":"https:\/\/beric.it\/it\/privacy-policy\/","og_site_name":"Beric Knives","article_publisher":"https:\/\/www.facebook.com\/beric.it","twitter_card":"summary_large_image","twitter_site":"@BericKnives","twitter_misc":{"Tempo di lettura stimato":"7 minuti"},"schema":{"@context":"https:\/\/schema.org","@graph":[{"@type":"WebPage","@id":"https:\/\/beric.it\/it\/privacy-policy\/","url":"https:\/\/beric.it\/it\/privacy-policy\/","name":"Privacy policy | Beric Knives","isPartOf":{"@id":"https:\/\/beric.it\/#website"},"datePublished":"2021-12-29T14:44:21+00:00","description":"Beric Privacy-policy","breadcrumb":{"@id":"https:\/\/beric.it\/it\/privacy-policy\/#breadcrumb"},"inLanguage":"it-IT","potentialAction":[{"@type":"ReadAction","target":["https:\/\/beric.it\/it\/privacy-policy\/"]}]},{"@type":"BreadcrumbList","@id":"https:\/\/beric.it\/it\/privacy-policy\/#breadcrumb","itemListElement":[{"@type":"ListItem","position":1,"name":"Home","item":"https:\/\/beric.it\/it\/"},{"@type":"ListItem","position":2,"name":"Privacy policy"}]},{"@type":"WebSite","@id":"https:\/\/beric.it\/#website","url":"https:\/\/beric.it\/","name":"Beric Knives","description":"Beric Knives - Sharp soul","publisher":{"@id":"https:\/\/beric.it\/#organization"},"potentialAction":[{"@type":"SearchAction","target":{"@type":"EntryPoint","urlTemplate":"https:\/\/beric.it\/?s={search_term_string}"},"query-input":{"@type":"PropertyValueSpecification","valueRequired":true,"valueName":"search_term_string"}}],"inLanguage":"it-IT"},{"@type":"Organization","@id":"https:\/\/beric.it\/#organization","name":"Beric s.r.l.s","url":"https:\/\/beric.it\/","logo":{"@type":"ImageObject","inLanguage":"it-IT","@id":"https:\/\/beric.it\/#\/schema\/logo\/image\/","url":"https:\/\/beric.it\/wp-content\/uploads\/2021\/05\/beric-logo-1.png","contentUrl":"https:\/\/beric.it\/wp-content\/uploads\/2021\/05\/beric-logo-1.png","width":800,"height":913,"caption":"Beric s.r.l.s"},"image":{"@id":"https:\/\/beric.it\/#\/schema\/logo\/image\/"},"sameAs":["https:\/\/www.facebook.com\/beric.it","https:\/\/x.com\/BericKnives","https:\/\/www.instagram.com\/bericknives","https:\/\/www.pinterest.it\/bericdesign","https:\/\/www.youtube.com\/channel\/UCDZ4YUfIP_LY_0MGwhRAWTQ"]}]}},"jetpack_sharing_enabled":true,"_links":{"self":[{"href":"https:\/\/beric.it\/it\/wp-json\/wp\/v2\/pages\/6394","targetHints":{"allow":["GET"]}}],"collection":[{"href":"https:\/\/beric.it\/it\/wp-json\/wp\/v2\/pages"}],"about":[{"href":"https:\/\/beric.it\/it\/wp-json\/wp\/v2\/types\/page"}],"author":[{"embeddable":true,"href":"https:\/\/beric.it\/it\/wp-json\/wp\/v2\/users\/2"}],"replies":[{"embeddable":true,"href":"https:\/\/beric.it\/it\/wp-json\/wp\/v2\/comments?post=6394"}],"version-history":[{"count":0,"href":"https:\/\/beric.it\/it\/wp-json\/wp\/v2\/pages\/6394\/revisions"}],"wp:attachment":[{"href":"https:\/\/beric.it\/it\/wp-json\/wp\/v2\/media?parent=6394"}],"curies":[{"name":"wp","href":"https:\/\/api.w.org\/{rel}","templated":true}]}}