{"id":6383,"date":"2022-04-02T20:47:54","date_gmt":"2022-04-02T18:47:54","guid":{"rendered":"https:\/\/beric.it\/design\/"},"modified":"2022-07-26T17:16:53","modified_gmt":"2022-07-26T15:16:53","slug":"design","status":"publish","type":"page","link":"https:\/\/beric.it\/it\/design\/","title":{"rendered":"Design"},"content":{"rendered":"<section class=\"l-section wpb_row height_huge\"><div class=\"l-section-h i-cf\"><div class=\"g-cols vc_row via_flex valign_top type_default stacking_default\"><div class=\"vc_col-sm-12 wpb_column vc_column_container\"><div class=\"vc_column-inner us_custom_4a593b65 us_animate_this\"><div class=\"wpb_wrapper\">[vc_custom_heading text=&#8221;BERIC-DESIGN&#8221; font_container=&#8221;tag:h2|text_align:center&#8221; use_theme_fonts=&#8221;yes&#8221; css=&#8221;%7B%22default%22%3A%7B%22font-weight%22%3A%22600%22%2C%22font-size%22%3A%2236px%22%2C%22letter-spacing%22%3A%220.1em%22%7D%2C%22laptops%22%3A%7B%22font-weight%22%3A%22600%22%2C%22font-size%22%3A%2236px%22%2C%22letter-spacing%22%3A%220.1em%22%7D%2C%22tablets%22%3A%7B%22font-weight%22%3A%22600%22%2C%22font-size%22%3A%2236px%22%2C%22letter-spacing%22%3A%220.1em%22%7D%2C%22mobiles%22%3A%7B%22text-align%22%3A%22left%22%2C%22font-weight%22%3A%22600%22%2C%22font-size%22%3A%2236px%22%2C%22letter-spacing%22%3A%220.1em%22%7D%7D&#8221;][vc_custom_heading text=&#8221;CREATIVIT\u00c0, su buone basi&#8221; font_container=&#8221;tag:h1|text_align:center&#8221; use_theme_fonts=&#8221;yes&#8221; css=&#8221;%7B%22default%22%3A%7B%22font-weight%22%3A%22200%22%2C%22text-transform%22%3A%22uppercase%22%2C%22font-size%22%3A%2236px%22%2C%22letter-spacing%22%3A%220.1em%22%2C%22margin-top%22%3A%22-30px%22%7D%2C%22laptops%22%3A%7B%22font-weight%22%3A%22200%22%2C%22text-transform%22%3A%22uppercase%22%2C%22font-size%22%3A%2236px%22%2C%22letter-spacing%22%3A%220.1em%22%7D%2C%22tablets%22%3A%7B%22font-weight%22%3A%22200%22%2C%22text-transform%22%3A%22uppercase%22%2C%22font-size%22%3A%2236px%22%2C%22letter-spacing%22%3A%220.1em%22%7D%2C%22mobiles%22%3A%7B%22text-align%22%3A%22left%22%2C%22font-weight%22%3A%22200%22%2C%22text-transform%22%3A%22uppercase%22%2C%22font-size%22%3A%2236px%22%2C%22letter-spacing%22%3A%220.1em%22%7D%7D&#8221;]<div class=\"w-separator us_custom_2f842fc0 size_custom with_line width_default thick_1 style_solid color_text align_center\" style=\"height:5px\"><div class=\"w-separator-h\"><\/div><\/div><div class=\"wpb_text_column us_custom_06cc2657\"><div class=\"wpb_wrapper\"><p>Amici d\u2019infanzia nella vita e soci d\u2019opera nel lavoro, siamo riusciti ad unire l\u2019utile al dilettevole, accomunando le nostre passioni e le nostre professioni. \u00c8 cos\u00ec che nasce Beric Design, da un\u2019instancabile e convinto desiderio di realizzare progetti e nuove idee per facilitare la vita, con quella giusta dose di creativit\u00e0 da renderli vincenti. Ogni nostra ispirazione ha trovato posto in uno scatolone delle idee, e tale rimane cos\u00ec, fino a che la costanza, la tenacia e la lunga esperienza di lavoro non hanno reso possibile il concretizzarsi di un\u2019intuizione vincente. Ora realizzano idee. Che funzionano e che piacciono.<\/p>\n<\/div><\/div><div class=\"w-separator us_custom_2f842fc0 size_custom with_line width_default thick_1 style_solid color_text align_center\" style=\"height:5px\"><div class=\"w-separator-h\"><\/div><\/div><div class=\"wpb_text_column us_custom_966f4222\"><div class=\"wpb_wrapper\"><p><span class=\"text\" lang=\"en\">Alcuni dei nostri progetti pi\u00f9 rappresentativi:<\/span><\/p>\n<\/div><\/div><div class=\"w-iconbox us_custom_d185582a iconpos_top style_default color_primary align_center no_text no_title\"><div class=\"w-iconbox-icon\" style=\"font-size:2rem;\"><i class=\"fal fa-arrow-down\"><\/i><\/div><div class=\"w-iconbox-meta\"><\/div><\/div><\/div><\/div><\/div><\/div><\/div><\/section><section class=\"l-section wpb_row us_custom_173cbf21 has_text_color height_huge full_height valign_center color_alternate with_img\"><div class=\"l-section-img\" role=\"img\" data-img-width=\"1920\" data-img-height=\"1282\" style=\"background-image: url(https:\/\/beric.it\/wp-content\/uploads\/2022\/03\/hopi-line-packaging.jpg);background-repeat: no-repeat;\"><\/div><div class=\"l-section-overlay\" style=\"background:rgba(32,32,32,0.60)\"><\/div><div class=\"l-section-h i-cf\"><div class=\"g-cols vc_row via_flex valign_middle type_default reversed stacking_default\"><div class=\"vc_col-sm-6 wpb_column vc_column_container\"><div class=\"vc_column-inner us_custom_7e20fa79 us_animate_this\"><div class=\"wpb_wrapper\">[vc_custom_heading text=&#8221;HOPI-LINE anime affilate&#8221; font_container=&#8221;tag:h1|text_align:left&#8221; use_theme_fonts=&#8221;yes&#8221; css=&#8221;%7B%22default%22%3A%7B%22color%22%3A%22_header_top_bg%22%2C%22font-size%22%3A%2236px%22%2C%22letter-spacing%22%3A%220.2em%22%2C%22margin-top%22%3A%2230px%22%7D%7D&#8221;]<div class=\"w-separator size_custom with_line width_default thick_1 style_solid color_text align_center\" style=\"height:5px\"><div class=\"w-separator-h\"><\/div><\/div><div class=\"wpb_text_column us_custom_7762b92f\"><div class=\"wpb_wrapper\"><p>La prima linea di prodotti interamente commercializzata da Beric e disegnata dal nostro Team interno.<\/p>\n<\/div><\/div><div class=\"w-separator size_custom with_line width_default thick_1 style_solid color_text align_center\" style=\"height:5px\"><div class=\"w-separator-h\"><\/div><\/div><div class=\"w-btn-wrapper align_none\"><a class=\"w-btn us-btn-style_1 us_custom_d2199d32\" title=\"WOLF\" href=\"https:\/\/beric.it\/it\/hopi-line\/\"><span class=\"w-btn-label\">HOPI LINE<\/span><\/a><\/div><\/div><\/div><\/div><div class=\"vc_col-sm-6 wpb_column vc_column_container\"><div class=\"vc_column-inner us_custom_47474b22 us_animate_this\"><div class=\"wpb_wrapper\"><\/div><\/div><\/div><\/div><\/div><\/section><section class=\"l-section wpb_row us_custom_df8938d3 height_huge full_height valign_center color_alternate with_img\"><div class=\"l-section-img\" role=\"img\" data-img-width=\"1920\" data-img-height=\"1282\" style=\"background-image: url(https:\/\/beric.it\/wp-content\/uploads\/2022\/04\/dandy-automatic-knife-project.jpg);background-repeat: no-repeat;\"><\/div><div class=\"l-section-h i-cf\"><div class=\"g-cols vc_row via_flex valign_middle type_default stacking_default\"><div class=\"vc_col-sm-6 wpb_column vc_column_container\"><div class=\"vc_column-inner us_custom_7e20fa79 us_animate_this\"><div class=\"wpb_wrapper\"><\/div><\/div><\/div><div class=\"vc_col-sm-6 wpb_column vc_column_container  has_bg_color\"><div class=\"vc_column-inner us_custom_d9242967 us_animate_this\"><div class=\"wpb_wrapper\">[vc_custom_heading text=&#8221;DANDY, il coltello automatico&#8221; font_container=&#8221;tag:h1|text_align:left&#8221; use_theme_fonts=&#8221;yes&#8221; css=&#8221;%7B%22default%22%3A%7B%22color%22%3A%22_header_middle_text%22%2C%22font-size%22%3A%2236px%22%2C%22letter-spacing%22%3A%220.2em%22%2C%22margin-top%22%3A%2230px%22%7D%7D&#8221;]<div class=\"w-separator size_custom with_line width_default thick_1 style_solid color_text align_center\" style=\"height:5px\"><div class=\"w-separator-h\"><\/div><\/div><div class=\"wpb_text_column us_custom_4f7fd71f\"><div class=\"wpb_wrapper\"><p>&#8220;DANDY&#8221; sar\u00e0 il nome del nuovo coltello automatico della linea AKC X-treme. Il nostro amico Angelo Campolin, titolare di AKC e AGA Campolin, rinomati brand specializzati nella realizzazione di coltelli automatici, ci ha chiesto di ideare il design per il nuovo coltello automatico della linea X-treme. Ci piacerebbe descriverlo, ma il coltello \u00e8 in fase di prototipazione e dobbiamo attendere l&#8217;uscita ufficiale.<\/p>\n<\/div><\/div><div class=\"w-separator size_custom with_line width_default thick_1 style_solid color_text align_center\" style=\"height:5px\"><div class=\"w-separator-h\"><\/div><\/div><\/div><\/div><\/div><\/div><\/div><\/section><section class=\"l-section wpb_row us_custom_5fb5abd6 has_text_color height_huge full_height valign_center color_alternate with_img\"><div class=\"l-section-img\" role=\"img\" data-img-width=\"1920\" data-img-height=\"1282\" style=\"background-image: url(https:\/\/beric.it\/wp-content\/uploads\/2022\/04\/okey-bkey.jpg);background-repeat: no-repeat;\"><\/div><div class=\"l-section-overlay\" style=\"background:rgba(32,32,32,0.65)\"><\/div><div class=\"l-section-h i-cf\"><div class=\"g-cols vc_row via_flex valign_middle type_default reversed stacking_default\"><div class=\"vc_col-sm-6 wpb_column vc_column_container\"><div class=\"vc_column-inner us_custom_7e20fa79 us_animate_this\"><div class=\"wpb_wrapper\">[vc_custom_heading text=&#8221;O-KEY e B-KEY: mini\/multi tools!&#8221; font_container=&#8221;tag:h1|text_align:left&#8221; use_theme_fonts=&#8221;yes&#8221; css=&#8221;%7B%22default%22%3A%7B%22color%22%3A%22_header_top_bg%22%2C%22font-size%22%3A%2236px%22%2C%22letter-spacing%22%3A%220.2em%22%2C%22margin-top%22%3A%2230px%22%7D%7D&#8221;]<div class=\"w-separator size_custom with_line width_default thick_1 style_solid color_text align_center\" style=\"height:5px\"><div class=\"w-separator-h\"><\/div><\/div><div class=\"wpb_text_column us_custom_7762b92f\"><div class=\"wpb_wrapper\"><p>O-KEY &#8211; tascabile, grande come la chiave della tua auto. \u00c8 chiudibile con un solo movimento, senza mai toccare l&#8217;acciaio che \u00e8 stato a contatto con le superfici. \u00c8 apribile tramite meccanismo flipper, veloce e divertente!<br \/>\nB-KEY &#8211; quando hai un portachiavi e ti serve un coltello. In pratica, un\u2019idea utile.<\/p>\n<\/div><\/div><div class=\"w-separator size_custom with_line width_default thick_1 style_solid color_text align_center\" style=\"height:5px\"><div class=\"w-separator-h\"><\/div><\/div><div class=\"w-btn-wrapper align_none\"><a class=\"w-btn us-btn-style_1 us_custom_d2199d32\" title=\"BEAR\" href=\"https:\/\/beric.it\/it\/design\/o-key-b-key\/\"><span class=\"w-btn-label\">Scopri i tools<\/span><\/a><\/div><\/div><\/div><\/div><\/div><\/div><\/section><section class=\"l-section wpb_row height_medium\"><div class=\"l-section-h i-cf\"><div class=\"g-cols vc_row via_flex valign_top type_default stacking_default\"><div class=\"vc_col-sm-12 wpb_column vc_column_container\"><div class=\"vc_column-inner\"><div class=\"wpb_wrapper\"><div class=\"wpb_text_column us_custom_7762b92f\"><div class=\"wpb_wrapper\"><p style=\"text-align: center;\">Abbiamo stuzzicato la tua curiosit\u00e0?<\/p>\n<\/div><\/div><div class=\"w-btn-wrapper align_center\"><a class=\"w-btn us-btn-style_1\" title=\"Design contact\" href=\"https:\/\/beric.it\/it\/design\/design-contatto\/\"><span class=\"w-btn-label\">SCRIVICI!<\/span><\/a><\/div><\/div><\/div><\/div><\/div><\/div><\/section>\n","protected":false},"excerpt":{"rendered":"[vc_custom_heading text=\"BERIC-DESIGN\" font_container=\"tag:h2|text_align:center\" use_theme_fonts=\"yes\" css=\"%7B%22default%22%3A%7B%22font-weight%22%3A%22600%22%2C%22font-size%22%3A%2236px%22%2C%22letter-spacing%22%3A%220.1em%22%7D%2C%22laptops%22%3A%7B%22font-weight%22%3A%22600%22%2C%22font-size%22%3A%2236px%22%2C%22letter-spacing%22%3A%220.1em%22%7D%2C%22tablets%22%3A%7B%22font-weight%22%3A%22600%22%2C%22font-size%22%3A%2236px%22%2C%22letter-spacing%22%3A%220.1em%22%7D%2C%22mobiles%22%3A%7B%22text-align%22%3A%22left%22%2C%22font-weight%22%3A%22600%22%2C%22font-size%22%3A%2236px%22%2C%22letter-spacing%22%3A%220.1em%22%7D%7D\"][vc_custom_heading text=\"CREATIVIT\u00c0, su buone basi\" font_container=\"tag:h1|text_align:center\" use_theme_fonts=\"yes\" css=\"%7B%22default%22%3A%7B%22font-weight%22%3A%22200%22%2C%22text-transform%22%3A%22uppercase%22%2C%22font-size%22%3A%2236px%22%2C%22letter-spacing%22%3A%220.1em%22%2C%22margin-top%22%3A%22-30px%22%7D%2C%22laptops%22%3A%7B%22font-weight%22%3A%22200%22%2C%22text-transform%22%3A%22uppercase%22%2C%22font-size%22%3A%2236px%22%2C%22letter-spacing%22%3A%220.1em%22%7D%2C%22tablets%22%3A%7B%22font-weight%22%3A%22200%22%2C%22text-transform%22%3A%22uppercase%22%2C%22font-size%22%3A%2236px%22%2C%22letter-spacing%22%3A%220.1em%22%7D%2C%22mobiles%22%3A%7B%22text-align%22%3A%22left%22%2C%22font-weight%22%3A%22200%22%2C%22text-transform%22%3A%22uppercase%22%2C%22font-size%22%3A%2236px%22%2C%22letter-spacing%22%3A%220.1em%22%7D%7D\"]Amici d\u2019infanzia nella vita e soci d\u2019opera nel lavoro, siamo riusciti ad unire l\u2019utile al dilettevole, accomunando le nostre passioni e le nostre professioni. \u00c8 cos\u00ec che nasce Beric Design, da un\u2019instancabile e convinto desiderio di realizzare progetti e nuove idee per facilitare la...","protected":false},"author":2,"featured_media":0,"parent":0,"menu_order":0,"comment_status":"closed","ping_status":"closed","template":"","meta":{"_acf_changed":false,"footnotes":""},"class_list":["post-6383","page","type-page","status-publish","hentry"],"acf":[],"yoast_head":"<!-- This site is optimized with the Yoast SEO plugin v26.8 - https:\/\/yoast.com\/product\/yoast-seo-wordpress\/ -->\n<title>Beric Design | Stile italiano<\/title>\n<meta name=\"description\" content=\"Beric Design nasce da un\u2019instancabile e convinto desiderio di realizzare progetti e nuove idee per facilitare la vita, con quella giusta dose di creativit\u00e0 da renderli vincenti.\" \/>\n<meta name=\"robots\" content=\"index, follow, max-snippet:-1, max-image-preview:large, max-video-preview:-1\" \/>\n<link rel=\"canonical\" href=\"https:\/\/beric.it\/it\/design\/\" \/>\n<meta property=\"og:locale\" content=\"it_IT\" \/>\n<meta property=\"og:type\" content=\"article\" \/>\n<meta property=\"og:title\" content=\"Beric Design | Stile italiano\" \/>\n<meta property=\"og:description\" content=\"Beric Design nasce da un\u2019instancabile e convinto desiderio di realizzare progetti e nuove idee per facilitare la vita, con quella giusta dose di creativit\u00e0 da renderli vincenti.\" \/>\n<meta property=\"og:url\" content=\"https:\/\/beric.it\/it\/design\/\" \/>\n<meta property=\"og:site_name\" content=\"Beric Knives\" \/>\n<meta property=\"article:publisher\" content=\"https:\/\/www.facebook.com\/beric.it\" \/>\n<meta property=\"article:modified_time\" content=\"2022-07-26T15:16:53+00:00\" \/>\n<meta name=\"twitter:card\" content=\"summary_large_image\" \/>\n<meta name=\"twitter:site\" content=\"@BericKnives\" \/>\n<meta name=\"twitter:label1\" content=\"Tempo di lettura stimato\" \/>\n\t<meta name=\"twitter:data1\" content=\"7 minuti\" \/>\n<script type=\"application\/ld+json\" class=\"yoast-schema-graph\">{\"@context\":\"https:\/\/schema.org\",\"@graph\":[{\"@type\":\"WebPage\",\"@id\":\"https:\/\/beric.it\/it\/design\/\",\"url\":\"https:\/\/beric.it\/it\/design\/\",\"name\":\"Beric Design | Stile italiano\",\"isPartOf\":{\"@id\":\"https:\/\/beric.it\/#website\"},\"datePublished\":\"2022-04-02T18:47:54+00:00\",\"dateModified\":\"2022-07-26T15:16:53+00:00\",\"description\":\"Beric Design nasce da un\u2019instancabile e convinto desiderio di realizzare progetti e nuove idee per facilitare la vita, con quella giusta dose di creativit\u00e0 da renderli vincenti.\",\"breadcrumb\":{\"@id\":\"https:\/\/beric.it\/it\/design\/#breadcrumb\"},\"inLanguage\":\"it-IT\",\"potentialAction\":[{\"@type\":\"ReadAction\",\"target\":[\"https:\/\/beric.it\/it\/design\/\"]}]},{\"@type\":\"BreadcrumbList\",\"@id\":\"https:\/\/beric.it\/it\/design\/#breadcrumb\",\"itemListElement\":[{\"@type\":\"ListItem\",\"position\":1,\"name\":\"Home\",\"item\":\"https:\/\/beric.it\/it\/\"},{\"@type\":\"ListItem\",\"position\":2,\"name\":\"Design\"}]},{\"@type\":\"WebSite\",\"@id\":\"https:\/\/beric.it\/#website\",\"url\":\"https:\/\/beric.it\/\",\"name\":\"Beric Knives\",\"description\":\"Beric Knives - Sharp soul\",\"publisher\":{\"@id\":\"https:\/\/beric.it\/#organization\"},\"potentialAction\":[{\"@type\":\"SearchAction\",\"target\":{\"@type\":\"EntryPoint\",\"urlTemplate\":\"https:\/\/beric.it\/?s={search_term_string}\"},\"query-input\":{\"@type\":\"PropertyValueSpecification\",\"valueRequired\":true,\"valueName\":\"search_term_string\"}}],\"inLanguage\":\"it-IT\"},{\"@type\":\"Organization\",\"@id\":\"https:\/\/beric.it\/#organization\",\"name\":\"Beric s.r.l.s\",\"url\":\"https:\/\/beric.it\/\",\"logo\":{\"@type\":\"ImageObject\",\"inLanguage\":\"it-IT\",\"@id\":\"https:\/\/beric.it\/#\/schema\/logo\/image\/\",\"url\":\"https:\/\/beric.it\/wp-content\/uploads\/2021\/05\/beric-logo-1.png\",\"contentUrl\":\"https:\/\/beric.it\/wp-content\/uploads\/2021\/05\/beric-logo-1.png\",\"width\":800,\"height\":913,\"caption\":\"Beric s.r.l.s\"},\"image\":{\"@id\":\"https:\/\/beric.it\/#\/schema\/logo\/image\/\"},\"sameAs\":[\"https:\/\/www.facebook.com\/beric.it\",\"https:\/\/x.com\/BericKnives\",\"https:\/\/www.instagram.com\/bericknives\",\"https:\/\/www.pinterest.it\/bericdesign\",\"https:\/\/www.youtube.com\/channel\/UCDZ4YUfIP_LY_0MGwhRAWTQ\"]}]}<\/script>\n<!-- \/ Yoast SEO plugin. -->","yoast_head_json":{"title":"Beric Design | Stile italiano","description":"Beric Design nasce da un\u2019instancabile e convinto desiderio di realizzare progetti e nuove idee per facilitare la vita, con quella giusta dose di creativit\u00e0 da renderli vincenti.","robots":{"index":"index","follow":"follow","max-snippet":"max-snippet:-1","max-image-preview":"max-image-preview:large","max-video-preview":"max-video-preview:-1"},"canonical":"https:\/\/beric.it\/it\/design\/","og_locale":"it_IT","og_type":"article","og_title":"Beric Design | Stile italiano","og_description":"Beric Design nasce da un\u2019instancabile e convinto desiderio di realizzare progetti e nuove idee per facilitare la vita, con quella giusta dose di creativit\u00e0 da renderli vincenti.","og_url":"https:\/\/beric.it\/it\/design\/","og_site_name":"Beric Knives","article_publisher":"https:\/\/www.facebook.com\/beric.it","article_modified_time":"2022-07-26T15:16:53+00:00","twitter_card":"summary_large_image","twitter_site":"@BericKnives","twitter_misc":{"Tempo di lettura stimato":"7 minuti"},"schema":{"@context":"https:\/\/schema.org","@graph":[{"@type":"WebPage","@id":"https:\/\/beric.it\/it\/design\/","url":"https:\/\/beric.it\/it\/design\/","name":"Beric Design | Stile italiano","isPartOf":{"@id":"https:\/\/beric.it\/#website"},"datePublished":"2022-04-02T18:47:54+00:00","dateModified":"2022-07-26T15:16:53+00:00","description":"Beric Design nasce da un\u2019instancabile e convinto desiderio di realizzare progetti e nuove idee per facilitare la vita, con quella giusta dose di creativit\u00e0 da renderli vincenti.","breadcrumb":{"@id":"https:\/\/beric.it\/it\/design\/#breadcrumb"},"inLanguage":"it-IT","potentialAction":[{"@type":"ReadAction","target":["https:\/\/beric.it\/it\/design\/"]}]},{"@type":"BreadcrumbList","@id":"https:\/\/beric.it\/it\/design\/#breadcrumb","itemListElement":[{"@type":"ListItem","position":1,"name":"Home","item":"https:\/\/beric.it\/it\/"},{"@type":"ListItem","position":2,"name":"Design"}]},{"@type":"WebSite","@id":"https:\/\/beric.it\/#website","url":"https:\/\/beric.it\/","name":"Beric Knives","description":"Beric Knives - Sharp soul","publisher":{"@id":"https:\/\/beric.it\/#organization"},"potentialAction":[{"@type":"SearchAction","target":{"@type":"EntryPoint","urlTemplate":"https:\/\/beric.it\/?s={search_term_string}"},"query-input":{"@type":"PropertyValueSpecification","valueRequired":true,"valueName":"search_term_string"}}],"inLanguage":"it-IT"},{"@type":"Organization","@id":"https:\/\/beric.it\/#organization","name":"Beric s.r.l.s","url":"https:\/\/beric.it\/","logo":{"@type":"ImageObject","inLanguage":"it-IT","@id":"https:\/\/beric.it\/#\/schema\/logo\/image\/","url":"https:\/\/beric.it\/wp-content\/uploads\/2021\/05\/beric-logo-1.png","contentUrl":"https:\/\/beric.it\/wp-content\/uploads\/2021\/05\/beric-logo-1.png","width":800,"height":913,"caption":"Beric s.r.l.s"},"image":{"@id":"https:\/\/beric.it\/#\/schema\/logo\/image\/"},"sameAs":["https:\/\/www.facebook.com\/beric.it","https:\/\/x.com\/BericKnives","https:\/\/www.instagram.com\/bericknives","https:\/\/www.pinterest.it\/bericdesign","https:\/\/www.youtube.com\/channel\/UCDZ4YUfIP_LY_0MGwhRAWTQ"]}]}},"jetpack_sharing_enabled":true,"_links":{"self":[{"href":"https:\/\/beric.it\/it\/wp-json\/wp\/v2\/pages\/6383","targetHints":{"allow":["GET"]}}],"collection":[{"href":"https:\/\/beric.it\/it\/wp-json\/wp\/v2\/pages"}],"about":[{"href":"https:\/\/beric.it\/it\/wp-json\/wp\/v2\/types\/page"}],"author":[{"embeddable":true,"href":"https:\/\/beric.it\/it\/wp-json\/wp\/v2\/users\/2"}],"replies":[{"embeddable":true,"href":"https:\/\/beric.it\/it\/wp-json\/wp\/v2\/comments?post=6383"}],"version-history":[{"count":4,"href":"https:\/\/beric.it\/it\/wp-json\/wp\/v2\/pages\/6383\/revisions"}],"predecessor-version":[{"id":6502,"href":"https:\/\/beric.it\/it\/wp-json\/wp\/v2\/pages\/6383\/revisions\/6502"}],"wp:attachment":[{"href":"https:\/\/beric.it\/it\/wp-json\/wp\/v2\/media?parent=6383"}],"curies":[{"name":"wp","href":"https:\/\/api.w.org\/{rel}","templated":true}]}}