{"id":6377,"date":"2021-11-10T18:41:59","date_gmt":"2021-11-10T17:41:59","guid":{"rendered":"https:\/\/beric.it\/chi-siamo\/"},"modified":"2022-11-16T17:19:48","modified_gmt":"2022-11-16T16:19:48","slug":"chi-siamo","status":"publish","type":"page","link":"https:\/\/beric.it\/it\/chi-siamo\/","title":{"rendered":"Chi siamo"},"content":{"rendered":"<section class=\"l-section wpb_row height_huge\"><div class=\"l-section-h i-cf\"><div class=\"g-cols vc_row via_flex valign_top type_default stacking_default\"><div class=\"vc_col-sm-12 wpb_column vc_column_container\"><div class=\"vc_column-inner us_custom_60e9caca us_animate_this\"><div class=\"wpb_wrapper\">[vc_custom_heading text=&#8221;UN TEAM AFFILATO&#8221; font_container=&#8221;tag:h2|text_align:center|color:%23000000&#8243; use_theme_fonts=&#8221;yes&#8221; css=&#8221;%7B%22default%22%3A%7B%22text-align%22%3A%22center%22%2C%22font-size%22%3A%2236px%22%2C%22letter-spacing%22%3A%220.1em%22%2C%22padding-bottom%22%3A%2220px%22%2C%22border-style%22%3A%22solid%22%2C%22border-bottom-width%22%3A%221px%22%7D%2C%22laptops%22%3A%7B%22text-align%22%3A%22center%22%2C%22font-size%22%3A%2236px%22%2C%22letter-spacing%22%3A%220.1em%22%2C%22border-style%22%3A%22solid%22%2C%22border-bottom-width%22%3A%221px%22%7D%2C%22tablets%22%3A%7B%22text-align%22%3A%22center%22%2C%22font-size%22%3A%2236px%22%2C%22letter-spacing%22%3A%220.1em%22%2C%22border-style%22%3A%22solid%22%2C%22border-bottom-width%22%3A%221px%22%7D%2C%22mobiles%22%3A%7B%22text-align%22%3A%22center%22%2C%22font-size%22%3A%2236px%22%2C%22letter-spacing%22%3A%220.1em%22%2C%22border-style%22%3A%22solid%22%2C%22border-bottom-width%22%3A%221px%22%7D%7D&#8221;]<div class=\"wpb_text_column us_custom_429f619e\"><div class=\"wpb_wrapper\"><p style=\"text-align: center;\">Abbiamo creato Beric con il desiderio di continuare ed evolvere la tradizione locale del coltello tramite l\u2019inserimento nel mercato di nuovi prodotti.<\/p>\n<\/div><\/div><\/div><\/div><\/div><\/div><\/div><\/section><section class=\"l-section wpb_row us_custom_41ded98e height_medium color_alternate\"><div class=\"l-section-h i-cf\"><div class=\"g-cols vc_row via_flex valign_top type_default stacking_default\"><div class=\"vc_col-sm-6 wpb_column vc_column_container\"><div class=\"vc_column-inner\"><div class=\"wpb_wrapper\"><div class=\"wpb_text_column us_custom_ae57e9a8\"><div class=\"wpb_wrapper\"><p>Siamo amici d\u2019infanzia e soci nel lavoro. Da piccoli bazzicavamo tra le officine degli artigiani maniaghesi, tra torni e mole, tra segreti e saperi antichi.<br \/>\nI nostri coltelli, cos\u00ec come i foderi, la componentistica e il packaging, sono realizzati a Maniago, cittadina italiana conosciuta in tutto il mondo come \u201cCitt\u00e0 dei coltelli\u201d.<\/p>\n<\/div><\/div><\/div><\/div><\/div><div class=\"vc_col-sm-6 wpb_column vc_column_container\"><div class=\"vc_column-inner\"><div class=\"wpb_wrapper\"><div class=\"wpb_text_column us_custom_ae57e9a8\"><div class=\"wpb_wrapper\"><p>Consapevoli che nessun buon progetto riesce senza uno studio e una pianificazione accurati, ci dedichiamo costantemente ad affinare le nostre idee avvalendoci di esperte collaborazioni. Dicono che siamo dei perfezionisti. Ma solo perch\u00e9 gli artigiani, che abbiamo ammirato al lavoro in tutti questi anni, ci hanno trasmesso la passione per le cose fatte bene.<\/p>\n<\/div><\/div><\/div><\/div><\/div><\/div><\/div><\/section><section class=\"l-section wpb_row height_huge\"><div class=\"l-section-overlay\" style=\"background:var(--color-header-transparent-bg)\"><\/div><div class=\"l-section-h i-cf\"><div class=\"g-cols vc_row via_flex valign_top type_default stacking_default\"><div class=\"vc_col-sm-3\/5 wpb_column vc_column_container\"><div class=\"vc_column-inner us_custom_7e20fa79 us_animate_this\"><div class=\"wpb_wrapper\"><div class=\"w-image align_none\"><div class=\"w-image-h\"><img decoding=\"async\" width=\"1392\" height=\"1663\" src=\"https:\/\/beric.it\/wp-content\/uploads\/2022\/04\/beric-character-3.jpg\" class=\"attachment-full size-full\" alt=\"\" loading=\"lazy\" srcset=\"https:\/\/beric.it\/wp-content\/uploads\/2022\/04\/beric-character-3.jpg 1392w, https:\/\/beric.it\/wp-content\/uploads\/2022\/04\/beric-character-3-251x300.jpg 251w, https:\/\/beric.it\/wp-content\/uploads\/2022\/04\/beric-character-3-857x1024.jpg 857w, https:\/\/beric.it\/wp-content\/uploads\/2022\/04\/beric-character-3-100x119.jpg 100w, https:\/\/beric.it\/wp-content\/uploads\/2022\/04\/beric-character-3-335x400.jpg 335w, https:\/\/beric.it\/wp-content\/uploads\/2022\/04\/beric-character-3-460x550.jpg 460w, https:\/\/beric.it\/wp-content\/uploads\/2022\/04\/beric-character-3-250x299.jpg 250w, https:\/\/beric.it\/wp-content\/uploads\/2022\/04\/beric-character-3-167x200.jpg 167w, https:\/\/beric.it\/wp-content\/uploads\/2022\/04\/beric-character-3-126x150.jpg 126w, https:\/\/beric.it\/wp-content\/uploads\/2022\/04\/beric-character-3-146x175.jpg 146w, https:\/\/beric.it\/wp-content\/uploads\/2022\/04\/beric-character-3-600x717.jpg 600w, https:\/\/beric.it\/wp-content\/uploads\/2022\/04\/beric-character-3-1200x1434.jpg 1200w\" sizes=\"auto, (max-width: 1392px) 100vw, 1392px\" \/><\/div><\/div><\/div><\/div><\/div><div class=\"vc_col-sm-2\/5 wpb_column vc_column_container\"><div class=\"vc_column-inner us_custom_47474b22 us_animate_this\"><div class=\"wpb_wrapper\">[vc_custom_heading text=&#8221;BERIC,&#8221; font_container=&#8221;tag:h2|text_align:center&#8221; use_theme_fonts=&#8221;yes&#8221; css=&#8221;%7B%22default%22%3A%7B%22text-align%22%3A%22left%22%2C%22font-size%22%3A%2236px%22%2C%22letter-spacing%22%3A%220.1em%22%7D%7D&#8221;][vc_custom_heading text=&#8221;PIACERE DI CONOSCERTI!&#8221; font_container=&#8221;tag:h1|text_align:center&#8221; use_theme_fonts=&#8221;yes&#8221; css=&#8221;%7B%22default%22%3A%7B%22text-align%22%3A%22left%22%2C%22font-weight%22%3A%22200%22%2C%22font-size%22%3A%2236px%22%2C%22letter-spacing%22%3A%220.1em%22%2C%22margin-top%22%3A%22-30px%22%2C%22padding-bottom%22%3A%2215px%22%2C%22border-style%22%3A%22solid%22%2C%22border-bottom-width%22%3A%221px%22%2C%22border-color%22%3A%22_header_middle_bg%22%7D%7D&#8221;]<div class=\"wpb_text_column us_custom_69570a9a\"><div class=\"wpb_wrapper\"><p>Nella tradizione del nord-est italiano, dove noi viviamo, il BERIC \u00e8 un piccolo, ma robusto gnomo dai lunghi capelli e dalla barba aggrovigliata, un combattente nato, muscoloso, astuto e vendicativo. Un folletto dispettoso e irrequieto che spaventava i nostri pomeriggi da bambini.<\/p>\n<\/div><\/div><div class=\"wpb_text_column us_custom_ae57e9a8\"><div class=\"wpb_wrapper\"><p style=\"text-align: left;\">E qui, alle spalle di Maniago, la nostra citt\u00e0, cercavamo di scoprire il suo nascondiglio tra le mura del castello del XII secolo che si trova ai piedi del monte J\u00f4uf. Custode della natura, solitario e introverso, ha scelto di vivere lontano dalla civilt\u00e0, nel cuore dei boschi\u2026 e come dargli torto, a volte?<\/p>\n<p style=\"text-align: left;\"><strong>Siamo cresciuti cos\u00ec, curiosi e selvatici come il Beric, e pi\u00f9 siamo cresciuti pi\u00f9 il suo spirito si \u00e8 trasformato in energia creativa.<\/strong><\/p>\n<p>La prossima volta che camminerete in un bosco, tenete gli occhi aperti e magari riuscirete a vedere il BERIC, nascosto tra le fronde, con il suo inconfondibile berretto rosso sangue.<\/p>\n<\/div><\/div><\/div><\/div><\/div><\/div><\/div><\/section><section class=\"l-section wpb_row height_huge\"><div class=\"l-section-overlay\" style=\"background:var(--color-chrome-toolbar)\"><\/div><div class=\"l-section-h i-cf\"><div class=\"g-cols vc_row via_flex valign_top type_default stacking_default\"><div class=\"vc_col-sm-12 wpb_column vc_column_container\"><div class=\"vc_column-inner us_custom_60e9caca us_animate_this\"><div class=\"wpb_wrapper\"><div class=\"w-image us_custom_57cba464 us_animate_this align_center\"><div class=\"w-image-h\"><img decoding=\"async\" width=\"175\" height=\"175\" src=\"https:\/\/beric.it\/wp-content\/uploads\/2022\/04\/italy-local-economy-1-175x175.png\" class=\"attachment-us_175_175 size-us_175_175\" alt=\"\" loading=\"lazy\" srcset=\"https:\/\/beric.it\/wp-content\/uploads\/2022\/04\/italy-local-economy-1-175x175.png 175w, https:\/\/beric.it\/wp-content\/uploads\/2022\/04\/italy-local-economy-1-150x150.png 150w, https:\/\/beric.it\/wp-content\/uploads\/2022\/04\/italy-local-economy-1-100x100.png 100w, https:\/\/beric.it\/wp-content\/uploads\/2022\/04\/italy-local-economy-1-200x200.png 200w, https:\/\/beric.it\/wp-content\/uploads\/2022\/04\/italy-local-economy-1.png 222w\" sizes=\"auto, (max-width: 175px) 100vw, 175px\" \/><\/div><\/div><div class=\"wpb_text_column us_custom_8c8dc78b\"><div class=\"wpb_wrapper\"><p>Obiettivi che ci siamo prefissati:<br \/>\nsviluppo dell\u2019economia locale;<br \/>\npromozione della crescita delle competenze e delle pratiche dei nostri fornitori;<br \/>\nsostenibilit\u00e0 sociale e ambientale;<br \/>\nutilizzo di energia da fonti rinnovabili.<\/p>\n<\/div><\/div><\/div><\/div><\/div><\/div><\/div><\/section>\n","protected":false},"excerpt":{"rendered":"[vc_custom_heading text=\"UN TEAM AFFILATO\" font_container=\"tag:h2|text_align:center|color:%23000000\" use_theme_fonts=\"yes\" css=\"%7B%22default%22%3A%7B%22text-align%22%3A%22center%22%2C%22font-size%22%3A%2236px%22%2C%22letter-spacing%22%3A%220.1em%22%2C%22padding-bottom%22%3A%2220px%22%2C%22border-style%22%3A%22solid%22%2C%22border-bottom-width%22%3A%221px%22%7D%2C%22laptops%22%3A%7B%22text-align%22%3A%22center%22%2C%22font-size%22%3A%2236px%22%2C%22letter-spacing%22%3A%220.1em%22%2C%22border-style%22%3A%22solid%22%2C%22border-bottom-width%22%3A%221px%22%7D%2C%22tablets%22%3A%7B%22text-align%22%3A%22center%22%2C%22font-size%22%3A%2236px%22%2C%22letter-spacing%22%3A%220.1em%22%2C%22border-style%22%3A%22solid%22%2C%22border-bottom-width%22%3A%221px%22%7D%2C%22mobiles%22%3A%7B%22text-align%22%3A%22center%22%2C%22font-size%22%3A%2236px%22%2C%22letter-spacing%22%3A%220.1em%22%2C%22border-style%22%3A%22solid%22%2C%22border-bottom-width%22%3A%221px%22%7D%7D\"]Abbiamo creato Beric con il desiderio di continuare ed evolvere la tradizione locale del coltello tramite l\u2019inserimento nel mercato di nuovi prodotti. Siamo amici d\u2019infanzia e soci nel lavoro. Da piccoli bazzicavamo tra le officine degli artigiani maniaghesi, tra torni e mole, tra segreti e saperi antichi. I nostri...","protected":false},"author":2,"featured_media":0,"parent":0,"menu_order":0,"comment_status":"closed","ping_status":"closed","template":"","meta":{"_acf_changed":false,"footnotes":""},"class_list":["post-6377","page","type-page","status-publish","hentry"],"acf":[],"yoast_head":"<!-- This site is optimized with the Yoast SEO plugin v26.8 - https:\/\/yoast.com\/product\/yoast-seo-wordpress\/ -->\n<title>Chi siamo | Beric Knives<\/title>\n<meta name=\"description\" content=\"Abbiamo creato Beric con il desiderio di continuare ed evolvere la tradizione locale del coltello tramite l\u2019inserimento nel mercato di nuovi prodotti.\" \/>\n<meta name=\"robots\" content=\"index, follow, max-snippet:-1, max-image-preview:large, max-video-preview:-1\" \/>\n<link rel=\"canonical\" href=\"https:\/\/beric.it\/it\/chi-siamo\/\" \/>\n<meta property=\"og:locale\" content=\"it_IT\" \/>\n<meta property=\"og:type\" content=\"article\" \/>\n<meta property=\"og:title\" content=\"Chi siamo | Beric Knives\" \/>\n<meta property=\"og:description\" content=\"Abbiamo creato Beric con il desiderio di continuare ed evolvere la tradizione locale del coltello tramite l\u2019inserimento nel mercato di nuovi prodotti.\" \/>\n<meta property=\"og:url\" content=\"https:\/\/beric.it\/it\/chi-siamo\/\" \/>\n<meta property=\"og:site_name\" content=\"Beric Knives\" \/>\n<meta property=\"article:publisher\" content=\"https:\/\/www.facebook.com\/beric.it\" \/>\n<meta property=\"article:modified_time\" content=\"2022-11-16T16:19:48+00:00\" \/>\n<meta name=\"twitter:card\" content=\"summary_large_image\" \/>\n<meta name=\"twitter:site\" content=\"@BericKnives\" \/>\n<meta name=\"twitter:label1\" content=\"Tempo di lettura stimato\" \/>\n\t<meta name=\"twitter:data1\" content=\"2 minuti\" \/>\n<script type=\"application\/ld+json\" class=\"yoast-schema-graph\">{\"@context\":\"https:\/\/schema.org\",\"@graph\":[{\"@type\":\"WebPage\",\"@id\":\"https:\/\/beric.it\/it\/chi-siamo\/\",\"url\":\"https:\/\/beric.it\/it\/chi-siamo\/\",\"name\":\"Chi siamo | Beric Knives\",\"isPartOf\":{\"@id\":\"https:\/\/beric.it\/#website\"},\"datePublished\":\"2021-11-10T17:41:59+00:00\",\"dateModified\":\"2022-11-16T16:19:48+00:00\",\"description\":\"Abbiamo creato Beric con il desiderio di continuare ed evolvere la tradizione locale del coltello tramite l\u2019inserimento nel mercato di nuovi prodotti.\",\"breadcrumb\":{\"@id\":\"https:\/\/beric.it\/it\/chi-siamo\/#breadcrumb\"},\"inLanguage\":\"it-IT\",\"potentialAction\":[{\"@type\":\"ReadAction\",\"target\":[\"https:\/\/beric.it\/it\/chi-siamo\/\"]}]},{\"@type\":\"BreadcrumbList\",\"@id\":\"https:\/\/beric.it\/it\/chi-siamo\/#breadcrumb\",\"itemListElement\":[{\"@type\":\"ListItem\",\"position\":1,\"name\":\"Home\",\"item\":\"https:\/\/beric.it\/it\/\"},{\"@type\":\"ListItem\",\"position\":2,\"name\":\"Chi siamo\"}]},{\"@type\":\"WebSite\",\"@id\":\"https:\/\/beric.it\/#website\",\"url\":\"https:\/\/beric.it\/\",\"name\":\"Beric Knives\",\"description\":\"Beric Knives - Sharp soul\",\"publisher\":{\"@id\":\"https:\/\/beric.it\/#organization\"},\"potentialAction\":[{\"@type\":\"SearchAction\",\"target\":{\"@type\":\"EntryPoint\",\"urlTemplate\":\"https:\/\/beric.it\/?s={search_term_string}\"},\"query-input\":{\"@type\":\"PropertyValueSpecification\",\"valueRequired\":true,\"valueName\":\"search_term_string\"}}],\"inLanguage\":\"it-IT\"},{\"@type\":\"Organization\",\"@id\":\"https:\/\/beric.it\/#organization\",\"name\":\"Beric s.r.l.s\",\"url\":\"https:\/\/beric.it\/\",\"logo\":{\"@type\":\"ImageObject\",\"inLanguage\":\"it-IT\",\"@id\":\"https:\/\/beric.it\/#\/schema\/logo\/image\/\",\"url\":\"https:\/\/beric.it\/wp-content\/uploads\/2021\/05\/beric-logo-1.png\",\"contentUrl\":\"https:\/\/beric.it\/wp-content\/uploads\/2021\/05\/beric-logo-1.png\",\"width\":800,\"height\":913,\"caption\":\"Beric s.r.l.s\"},\"image\":{\"@id\":\"https:\/\/beric.it\/#\/schema\/logo\/image\/\"},\"sameAs\":[\"https:\/\/www.facebook.com\/beric.it\",\"https:\/\/x.com\/BericKnives\",\"https:\/\/www.instagram.com\/bericknives\",\"https:\/\/www.pinterest.it\/bericdesign\",\"https:\/\/www.youtube.com\/channel\/UCDZ4YUfIP_LY_0MGwhRAWTQ\"]}]}<\/script>\n<!-- \/ Yoast SEO plugin. -->","yoast_head_json":{"title":"Chi siamo | Beric Knives","description":"Abbiamo creato Beric con il desiderio di continuare ed evolvere la tradizione locale del coltello tramite l\u2019inserimento nel mercato di nuovi prodotti.","robots":{"index":"index","follow":"follow","max-snippet":"max-snippet:-1","max-image-preview":"max-image-preview:large","max-video-preview":"max-video-preview:-1"},"canonical":"https:\/\/beric.it\/it\/chi-siamo\/","og_locale":"it_IT","og_type":"article","og_title":"Chi siamo | Beric Knives","og_description":"Abbiamo creato Beric con il desiderio di continuare ed evolvere la tradizione locale del coltello tramite l\u2019inserimento nel mercato di nuovi prodotti.","og_url":"https:\/\/beric.it\/it\/chi-siamo\/","og_site_name":"Beric Knives","article_publisher":"https:\/\/www.facebook.com\/beric.it","article_modified_time":"2022-11-16T16:19:48+00:00","twitter_card":"summary_large_image","twitter_site":"@BericKnives","twitter_misc":{"Tempo di lettura stimato":"2 minuti"},"schema":{"@context":"https:\/\/schema.org","@graph":[{"@type":"WebPage","@id":"https:\/\/beric.it\/it\/chi-siamo\/","url":"https:\/\/beric.it\/it\/chi-siamo\/","name":"Chi siamo | Beric Knives","isPartOf":{"@id":"https:\/\/beric.it\/#website"},"datePublished":"2021-11-10T17:41:59+00:00","dateModified":"2022-11-16T16:19:48+00:00","description":"Abbiamo creato Beric con il desiderio di continuare ed evolvere la tradizione locale del coltello tramite l\u2019inserimento nel mercato di nuovi prodotti.","breadcrumb":{"@id":"https:\/\/beric.it\/it\/chi-siamo\/#breadcrumb"},"inLanguage":"it-IT","potentialAction":[{"@type":"ReadAction","target":["https:\/\/beric.it\/it\/chi-siamo\/"]}]},{"@type":"BreadcrumbList","@id":"https:\/\/beric.it\/it\/chi-siamo\/#breadcrumb","itemListElement":[{"@type":"ListItem","position":1,"name":"Home","item":"https:\/\/beric.it\/it\/"},{"@type":"ListItem","position":2,"name":"Chi siamo"}]},{"@type":"WebSite","@id":"https:\/\/beric.it\/#website","url":"https:\/\/beric.it\/","name":"Beric Knives","description":"Beric Knives - Sharp soul","publisher":{"@id":"https:\/\/beric.it\/#organization"},"potentialAction":[{"@type":"SearchAction","target":{"@type":"EntryPoint","urlTemplate":"https:\/\/beric.it\/?s={search_term_string}"},"query-input":{"@type":"PropertyValueSpecification","valueRequired":true,"valueName":"search_term_string"}}],"inLanguage":"it-IT"},{"@type":"Organization","@id":"https:\/\/beric.it\/#organization","name":"Beric s.r.l.s","url":"https:\/\/beric.it\/","logo":{"@type":"ImageObject","inLanguage":"it-IT","@id":"https:\/\/beric.it\/#\/schema\/logo\/image\/","url":"https:\/\/beric.it\/wp-content\/uploads\/2021\/05\/beric-logo-1.png","contentUrl":"https:\/\/beric.it\/wp-content\/uploads\/2021\/05\/beric-logo-1.png","width":800,"height":913,"caption":"Beric s.r.l.s"},"image":{"@id":"https:\/\/beric.it\/#\/schema\/logo\/image\/"},"sameAs":["https:\/\/www.facebook.com\/beric.it","https:\/\/x.com\/BericKnives","https:\/\/www.instagram.com\/bericknives","https:\/\/www.pinterest.it\/bericdesign","https:\/\/www.youtube.com\/channel\/UCDZ4YUfIP_LY_0MGwhRAWTQ"]}]}},"jetpack_sharing_enabled":true,"_links":{"self":[{"href":"https:\/\/beric.it\/it\/wp-json\/wp\/v2\/pages\/6377","targetHints":{"allow":["GET"]}}],"collection":[{"href":"https:\/\/beric.it\/it\/wp-json\/wp\/v2\/pages"}],"about":[{"href":"https:\/\/beric.it\/it\/wp-json\/wp\/v2\/types\/page"}],"author":[{"embeddable":true,"href":"https:\/\/beric.it\/it\/wp-json\/wp\/v2\/users\/2"}],"replies":[{"embeddable":true,"href":"https:\/\/beric.it\/it\/wp-json\/wp\/v2\/comments?post=6377"}],"version-history":[{"count":30,"href":"https:\/\/beric.it\/it\/wp-json\/wp\/v2\/pages\/6377\/revisions"}],"predecessor-version":[{"id":6910,"href":"https:\/\/beric.it\/it\/wp-json\/wp\/v2\/pages\/6377\/revisions\/6910"}],"wp:attachment":[{"href":"https:\/\/beric.it\/it\/wp-json\/wp\/v2\/media?parent=6377"}],"curies":[{"name":"wp","href":"https:\/\/api.w.org\/{rel}","templated":true}]}}